{"id":36527,"date":"2022-04-04T14:32:08","date_gmt":"2022-04-04T12:32:08","guid":{"rendered":"https:\/\/rainjoy.eu\/ueber-uns\/"},"modified":"2026-02-03T14:32:31","modified_gmt":"2026-02-03T13:32:31","slug":"ueber-uns","status":"publish","type":"page","link":"https:\/\/rainjoy.eu\/de\/ueber-uns\/","title":{"rendered":"\u00dcber uns"},"content":{"rendered":"<p>[et_pb_section fb_built=&#8221;1&#8243; _builder_version=&#8221;4.7.7&#8243; _module_preset=&#8221;default&#8221; background_color=&#8221;#60C3D9&#8243; global_colors_info=&#8221;{}&#8221;][et_pb_row _builder_version=&#8221;4.7.7&#8243; _module_preset=&#8221;default&#8221; global_colors_info=&#8221;{}&#8221;][et_pb_column type=&#8221;4_4&#8243; _builder_version=&#8221;4.7.7&#8243; _module_preset=&#8221;default&#8221; global_colors_info=&#8221;{}&#8221;][et_pb_text _builder_version=&#8221;4.7.7&#8243; _module_preset=&#8221;default&#8221; header_text_color=&#8221;#FFFFFF&#8221; header_font_size=&#8221;38px&#8221; header_line_height=&#8221;1.6em&#8221; header_2_text_color=&#8221;#FFFFFF&#8221; header_2_font_size=&#8221;31px&#8221; header_2_line_height=&#8221;1.5em&#8221; custom_margin=&#8221;||15px|||&#8221; locked=&#8221;off&#8221; global_colors_info=&#8221;{}&#8221;]<\/p>\n<h1 style=\"text-align: center;\">Die Mission von Rainjoy<\/h1>\n<p>[\/et_pb_text][et_pb_text _builder_version=&#8221;4.7.7&#8243; _module_preset=&#8221;default&#8221; text_text_color=&#8221;#FFFFFF&#8221; custom_margin=&#8221;-6px|||||&#8221; locked=&#8221;off&#8221; global_colors_info=&#8221;{}&#8221;]<\/p>\n<p style=\"text-align: center;\">Es ist uns ein Anliegen, einen Anreiz zum Fahrradfahren zu geben. Denn Radfahren ist gut f\u00fcr die Umwelt und die Gesundheit. Da unser Beitrag jedoch bescheiden ist, z\u00e4hlen wir auf Sie! <\/p>\n<p>[\/et_pb_text][\/et_pb_column][\/et_pb_row][\/et_pb_section][et_pb_section fb_built=&#8221;1&#8243; _builder_version=&#8221;4.7.7&#8243; _module_preset=&#8221;default&#8221; custom_padding=&#8221;||80px|||&#8221; global_colors_info=&#8221;{}&#8221;][et_pb_row column_structure=&#8221;1_2,1_2&#8243; _builder_version=&#8221;4.7.7&#8243; _module_preset=&#8221;default&#8221; global_colors_info=&#8221;{}&#8221;][et_pb_column type=&#8221;1_2&#8243; _builder_version=&#8221;4.7.7&#8243; _module_preset=&#8221;default&#8221; global_colors_info=&#8221;{}&#8221;][et_pb_image src=&#8221;https:\/\/rainjoy.eu\/wp-content\/uploads\/2021\/02\/Photo-Bub-up-en-situation-2-1-1.jpg&#8221; title_text=&#8221;Foto Bub-up in Situation 2 (1)&#8221; _builder_version=&#8221;4.8.2&#8243; _module_preset=&#8221;default&#8221; global_colors_info=&#8221;{}&#8221;][\/et_pb_image][\/et_pb_column][et_pb_column type=&#8221;1_2&#8243; _builder_version=&#8221;4.7.7&#8243; _module_preset=&#8221;default&#8221; global_colors_info=&#8221;{}&#8221;][et_pb_text _builder_version=&#8221;4.7.7&#8243; _module_preset=&#8221;default&#8221; header_3_font=&#8221;|800||on|||||&#8221; header_3_text_color=&#8221;#60C3D9&#8243; header_3_font_size=&#8221;15px&#8221; custom_margin=&#8221;||8px|||&#8221; locked=&#8221;off&#8221; global_colors_info=&#8221;{}&#8221;]<\/p>\n<h3 style=\"text-align: left;\">DAS ENGAGEMENT VON RAINJOY<\/h3>\n<p>[\/et_pb_text][et_pb_text _builder_version=&#8221;4.7.7&#8243; _module_preset=&#8221;default&#8221; header_2_font_size=&#8221;25px&#8221; header_2_line_height=&#8221;1.5em&#8221; custom_margin=&#8221;||18px|||&#8221; locked=&#8221;off&#8221; global_colors_info=&#8221;{}&#8221;]<\/p>\n<h2 style=\"text-align: left;\"><b>Unsere Werte<\/b><\/h2>\n<p>[\/et_pb_text][et_pb_text _builder_version=&#8221;4.10.7&#8243; _module_preset=&#8221;default&#8221; global_colors_info=&#8221;{}&#8221;]<\/p>\n<p data-pm-slice=\"1 1 []\">Rainjoy ist ein franz\u00f6sisches Unternehmen mit Sitz in den Alpen und ist unter der Nummer 883 029 464 RCS Annecy registriert.<\/p>\n<p>Warum mit dem Fahrrad reisen? Weil es schnell, sparsam und gut fur Gesundheit und Umwelt ist. Es ist auch gut f\u00fcr die Moral, weil wir im Allgemeinen Freunde am Radfahren haben.  <\/p>\n<p>Wir gehen sogar noch weiter und sagen, dass es mit der richtigen Ausr\u00fcstung m\u00f6glich ist, Spa\u00df am Radfahren im Regen zu haben.<\/p>\n<p>Wie Sie also sehen k\u00f6nnen, machen wir unseren Namen \u2013 Rainjoy \u2013 zum Programm. Mit unserer innovativen Fahrradausr\u00fcstung, die Sie vor Regen sch\u00fctzt und Ihre Sichtbarkeit erh\u00f6ht, wollen wir Ihnen das (Radler-) Leben erleichtert.<\/p>\n<p>Unser Engagement steht ganz im Zeichen einer sanften und nachhaltigen Mobilit\u00e4t. Bei der Entwicklung und Vermarktung unserer Produkte sind uns Professionalit\u00e4t und Seriosit\u00e4t enorm wichtig. Erst wenn wir dar\u00fcber sprechen, nehmen wir es locker.<\/p>\n<p>[\/et_pb_text][\/et_pb_column][\/et_pb_row][et_pb_row column_structure=&#8221;1_2,1_2&#8243; _builder_version=&#8221;4.7.7&#8243; _module_preset=&#8221;default&#8221; custom_margin=&#8221;71px|auto|71px|auto|true|&#8221; global_colors_info=&#8221;{}&#8221;][et_pb_column type=&#8221;1_2&#8243; _builder_version=&#8221;4.7.7&#8243; _module_preset=&#8221;default&#8221; global_colors_info=&#8221;{}&#8221;][et_pb_text _builder_version=&#8221;4.7.7&#8243; _module_preset=&#8221;default&#8221; header_3_font=&#8221;|800||on|||||&#8221; header_3_text_color=&#8221;#60C3D9&#8243; header_3_font_size=&#8221;15px&#8221; custom_margin=&#8221;||8px|||&#8221; locked=&#8221;off&#8221; global_colors_info=&#8221;{}&#8221;]<\/p>\n<h3 style=\"text-align: left;\">INNOVATIONEN<\/h3>\n<p>[\/et_pb_text][et_pb_text _builder_version=&#8221;4.7.7&#8243; _module_preset=&#8221;default&#8221; header_2_font_size=&#8221;25px&#8221; header_2_line_height=&#8221;1.5em&#8221; custom_margin=&#8221;||18px|||&#8221; locked=&#8221;off&#8221; global_colors_info=&#8221;{}&#8221;]<\/p>\n<h2 style=\"text-align: left;\"><b>Forschung und Entwicklung<\/b><\/h2>\n<p>[\/et_pb_text][et_pb_text _builder_version=&#8221;4.7.7&#8243; _module_preset=&#8221;default&#8221; global_colors_info=&#8221;{}&#8221;]Die meisten unserer Innovationen entwickeln wir selbst. Unsere Investitionen in Forschung und Entwicklung bilden die Basis f\u00fcr unsere Arbeit.<\/p>\n<p>Unser multidisziplin\u00e4res Team verf\u00fcgt \u00fcber F\u00e4higkeiten in Konzeption, Design und Fertigung mit besonderem Know-how f\u00fcr Ausr\u00fcstung mit Pop-up-Funktion bzw. sofortiger Entfaltung\/\u00d6ffnung.<\/p>\n<p>Und es ist kein Zufall, dass unser F&amp;E-Ingenieur in einem fr\u00fcheren Leben in einem gro\u00dfen Unternehmen der Erfinder eines ber\u00fchmten Pop-up-Zeltes war, das den Campingmarkt revolutionierte.<\/p>\n<p>An unserem Bub-Up\u00ae haben wir zwei Jahre gearbeitet. Das Ergebnis unserer Forschung waren mehrere Prototypen, die sowohl in realen Situationen im Regen als auch im Labor mit einem Regensimulator getestet wurden.<\/p>\n<p>Um unsere Innovationen zu perfektionieren und unseren hohen Sicherheitsanforderungen gerecht zu werden, wurde au\u00dferdem jede Entwicklungsetappe von Benutzertests begleitet.[\/et_pb_text][et_pb_button button_url=&#8221;@ET-DC@eyJkeW5hbWljIjp0cnVlLCJjb250ZW50IjoicG9zdF9saW5rX3VybF9wcm9kdWN0Iiwic2V0dGluZ3MiOnsicG9zdF9pZCI6IjExNSJ9fQ==@&#8221; button_text=&#8221;Entdecken Sie das Bub-up\u00ae&#8221; button_alignment=&#8221;left&#8221; _builder_version=&#8221;4.10.7&#8243; _dynamic_attributes=&#8221;button_url&#8221; _module_preset=&#8221;default&#8221; custom_button=&#8221;on&#8221; button_text_size=&#8221;14px&#8221; button_text_color=&#8221;#F8F7F5&#8243; button_bg_color=&#8221;#60C3D9&#8243; button_border_color=&#8221;#60C3D9&#8243; button_font=&#8221;|800|||||||&#8221; button_use_icon=&#8221;off&#8221; custom_padding=&#8221;11px|34px|11px|34px|true|true&#8221; locked=&#8221;off&#8221; global_colors_info=&#8221;{}&#8221; button_text_color__hover_enabled=&#8221;on|desktop&#8221; button_bg_color__hover_enabled=&#8221;on|desktop&#8221; button_bg_color__hover=&#8221;rgba(96,195,217,0)&#8221; button_bg_enable_color__hover=&#8221;on&#8221; button_text_color__hover=&#8221;#003049&#8243; button_border_color__hover_enabled=&#8221;on|hover&#8221; button_border_color__hover=&#8221;#60C3D9&#8243;][\/et_pb_button][\/et_pb_column][et_pb_column type=&#8221;1_2&#8243; _builder_version=&#8221;4.7.7&#8243; _module_preset=&#8221;default&#8221; global_colors_info=&#8221;{}&#8221;][et_pb_video src=&#8221;https:\/\/youtu.be\/9m3J-pMcg-M&#8221; _builder_version=&#8221;4.7.7&#8243; _module_preset=&#8221;default&#8221; global_colors_info=&#8221;{}&#8221;][\/et_pb_video][\/et_pb_column][\/et_pb_row][et_pb_row column_structure=&#8221;1_5,1_5,1_5,1_5,1_5&#8243; _builder_version=&#8221;4.7.7&#8243; _module_preset=&#8221;default&#8221; global_colors_info=&#8221;{}&#8221;][et_pb_column type=&#8221;1_5&#8243; _builder_version=&#8221;4.7.7&#8243; _module_preset=&#8221;default&#8221; global_colors_info=&#8221;{}&#8221;][\/et_pb_column][et_pb_column type=&#8221;1_5&#8243; _builder_version=&#8221;4.7.7&#8243; _module_preset=&#8221;default&#8221; global_colors_info=&#8221;{}&#8221;][et_pb_image src=&#8221;https:\/\/rainjoy.eu\/wp-content\/uploads\/2021\/01\/logo-partenaire-region-auvergne-rhone-alpes-rvb.png&#8221; title_text=&#8221;logo-partenaire-region-auvergne-rhone-alpes-rvb&#8221; _builder_version=&#8221;4.7.7&#8243; _module_preset=&#8221;default&#8221; global_colors_info=&#8221;{}&#8221;][\/et_pb_image][\/et_pb_column][et_pb_column type=&#8221;1_5&#8243; _builder_version=&#8221;4.7.7&#8243; _module_preset=&#8221;default&#8221; global_colors_info=&#8221;{}&#8221;][et_pb_image src=&#8221;https:\/\/rainjoy.eu\/wp-content\/uploads\/2021\/01\/Logo_Laure\u0301at-min.jpg&#8221; title_text=&#8221;Logo_Laure\u0301at-min&#8221; _builder_version=&#8221;4.7.7&#8243; _module_preset=&#8221;default&#8221; width=&#8221;80%&#8221; module_alignment=&#8221;center&#8221; global_colors_info=&#8221;{}&#8221;][\/et_pb_image][\/et_pb_column][et_pb_column type=&#8221;1_5&#8243; _builder_version=&#8221;4.7.7&#8243; _module_preset=&#8221;default&#8221; global_colors_info=&#8221;{}&#8221;][et_pb_image src=&#8221;https:\/\/rainjoy.eu\/wp-content\/uploads\/2021\/01\/Logo_OSV_StartupProgram-noir-min.png&#8221; title_text=&#8221;Logo_OSV_StartupProgram-noir-min&#8221; _builder_version=&#8221;4.7.7&#8243; _module_preset=&#8221;default&#8221; width=&#8221;80%&#8221; module_alignment=&#8221;center&#8221; global_colors_info=&#8221;{}&#8221;][\/et_pb_image][\/et_pb_column][et_pb_column type=&#8221;1_5&#8243; _builder_version=&#8221;4.7.7&#8243; _module_preset=&#8221;default&#8221; global_colors_info=&#8221;{}&#8221;][\/et_pb_column][\/et_pb_row][\/et_pb_section][et_pb_section fb_built=&#8221;1&#8243; _builder_version=&#8221;4.7.7&#8243; _module_preset=&#8221;default&#8221; background_color=&#8221;#60C3D9&#8243; background_enable_color=&#8221;off&#8221; background_image=&#8221;https:\/\/rainjoy.eu\/wp-content\/uploads\/2021\/01\/test-fond-02-min.png&#8221; background_position=&#8221;center_right&#8221; custom_padding=&#8221;41px||41px||true|&#8221; global_module=&#8221;145&#8243; saved_tabs=&#8221;all&#8221; locked=&#8221;off&#8221; global_colors_info=&#8221;{}&#8221;][et_pb_row _builder_version=&#8221;4.7.7&#8243; _module_preset=&#8221;default&#8221; global_colors_info=&#8221;{}&#8221;][et_pb_column type=&#8221;4_4&#8243; _builder_version=&#8221;4.7.7&#8243; _module_preset=&#8221;default&#8221; global_colors_info=&#8221;{}&#8221;][et_pb_text _builder_version=&#8221;4.10.7&#8243; _module_preset=&#8221;default&#8221; header_2_text_color=&#8221;#FFFFFF&#8221; header_2_font_size=&#8221;25px&#8221; header_2_line_height=&#8221;1.5em&#8221; text_orientation=&#8221;center&#8221; header_2_font_size_tablet=&#8221;&#8221; header_2_font_size_phone=&#8221;24px&#8221; header_2_font_size_last_edited=&#8221;on|phone&#8221; locked=&#8221;off&#8221; global_colors_info=&#8221;{}&#8221;]<\/p>\n<h2><strong>Das Bub-up\u00ae<\/strong>, <strong>die Regenschutz-Bubble f\u00fcr Ihr Fahrrad<\/strong>,<br \/><strong>die Regenbekleidung<\/strong> <strong>\u00fcberfl\u00fcssig macht<\/strong>.<\/h2>\n<p>[\/et_pb_text][et_pb_button button_url=&#8221;@ET-DC@eyJkeW5hbWljIjp0cnVlLCJjb250ZW50IjoicG9zdF9saW5rX3VybF9wcm9kdWN0Iiwic2V0dGluZ3MiOnsicG9zdF9pZCI6IjQ5OCJ9fQ==@&#8221; button_text=&#8221;Entdecken Sie das Bub-up\u00ae&#8221; button_alignment=&#8221;center&#8221; _builder_version=&#8221;4.8.2&#8243; _dynamic_attributes=&#8221;button_url&#8221; _module_preset=&#8221;default&#8221; custom_button=&#8221;on&#8221; button_text_size=&#8221;14px&#8221; button_text_color=&#8221;#003049&#8243; button_bg_color=&#8221;#F8F7F5&#8243; button_border_color=&#8221;#F8F7F5&#8243; button_font=&#8221;|800|||||||&#8221; button_use_icon=&#8221;off&#8221; custom_padding=&#8221;11px|34px|11px|34px|true|true&#8221; locked=&#8221;off&#8221; global_colors_info=&#8221;{}&#8221; button_text_color__hover_enabled=&#8221;on|desktop&#8221; button_bg_color__hover_enabled=&#8221;on|desktop&#8221; button_bg_color__hover=&#8221;rgba(96,195,217,0)&#8221; button_bg_enable_color__hover=&#8221;on&#8221; button_text_color__hover=&#8221;#F8F7F5&#8243; button_border_color__hover_enabled=&#8221;on|hover&#8221; button_border_color__hover=&#8221;#F8F7F5&#8243;][\/et_pb_button][\/et_pb_column][\/et_pb_row][\/et_pb_section][et_pb_section fb_built=&#8221;1&#8243; _builder_version=&#8221;4.7.7&#8243; _module_preset=&#8221;default&#8221; background_color=&#8221;#F7F6F4&#8243; global_colors_info=&#8221;{}&#8221;][et_pb_row _builder_version=&#8221;4.7.7&#8243; _module_preset=&#8221;default&#8221; custom_padding=&#8221;||||false|false&#8221; global_colors_info=&#8221;{}&#8221;][et_pb_column type=&#8221;4_4&#8243; _builder_version=&#8221;4.7.7&#8243; _module_preset=&#8221;default&#8221; global_colors_info=&#8221;{}&#8221;][et_pb_text _builder_version=&#8221;4.7.7&#8243; _module_preset=&#8221;default&#8221; header_3_font=&#8221;|800||on|||||&#8221; header_3_text_color=&#8221;#60C3D9&#8243; header_3_font_size=&#8221;15px&#8221; custom_margin=&#8221;||8px|||&#8221; locked=&#8221;off&#8221; global_colors_info=&#8221;{}&#8221;]<\/p>\n<h3 style=\"text-align: center;\">PRESSE<\/h3>\n<p>[\/et_pb_text][et_pb_text _builder_version=&#8221;4.7.7&#8243; _module_preset=&#8221;default&#8221; header_2_font_size=&#8221;25px&#8221; header_2_line_height=&#8221;1.5em&#8221; custom_margin=&#8221;||11px|||&#8221; locked=&#8221;off&#8221; global_colors_info=&#8221;{}&#8221;]<\/p>\n<h2 style=\"text-align: center;\"><b>Man spricht \u00fcber uns!<\/b><\/h2>\n<p>[\/et_pb_text][et_pb_text _builder_version=&#8221;4.7.7&#8243; _module_preset=&#8221;default&#8221; custom_margin=&#8221;||69px|||&#8221; global_colors_info=&#8221;{}&#8221;]<\/p>\n<p style=\"text-align: center;\">Jedes Mal, wenn \u00fcber uns in den Medien berichtet wird, macht uns das stolz!<br \/> Hier finden Sie unsere Pressemappe und alle Presseberichte \u00fcber Rainjoy.<\/p>\n<p>[\/et_pb_text][et_pb_blog fullwidth=&#8221;off&#8221; include_categories=&#8221;39&#8243; show_more=&#8221;on&#8221; show_author=&#8221;off&#8221; show_categories=&#8221;off&#8221; show_excerpt=&#8221;off&#8221; show_pagination=&#8221;off&#8221; use_overlay=&#8221;on&#8221; overlay_icon_color=&#8221;#60C3D9&#8243; hover_overlay_color=&#8221;rgba(96,195,217,0)&#8221; _builder_version=&#8221;4.8.2&#8243; _module_preset=&#8221;default&#8221; header_text_color=&#8221;#003049&#8243; header_font_size=&#8221;17px&#8221; header_line_height=&#8221;1.6em&#8221; meta_text_color=&#8221;#60C3D9&#8243; meta_font_size=&#8221;13px&#8221; meta_line_height=&#8221;2.4em&#8221; read_more_font=&#8221;|||on|on|||#60C3D9|&#8221; read_more_text_color=&#8221;#003049&#8243; read_more_font_size=&#8221;13px&#8221; read_more_letter_spacing=&#8221;1px&#8221; read_more_line_height=&#8221;3em&#8221; border_radii=&#8221;on|10px|10px|10px|10px&#8221; border_width_all=&#8221;0px&#8221; box_shadow_style=&#8221;preset1&#8243; box_shadow_color=&#8221;rgba(0,0,0,0.06)&#8221; global_colors_info=&#8221;{}&#8221;][\/et_pb_blog][\/et_pb_column][\/et_pb_row][et_pb_row column_structure=&#8221;1_2,1_2&#8243; _builder_version=&#8221;4.7.7&#8243; _module_preset=&#8221;default&#8221; global_colors_info=&#8221;{}&#8221;][et_pb_column type=&#8221;1_2&#8243; _builder_version=&#8221;4.7.7&#8243; _module_preset=&#8221;default&#8221; global_colors_info=&#8221;{}&#8221;][et_pb_video src=&#8221;https:\/\/youtu.be\/ds_1CHpLxB0&#8243; _builder_version=&#8221;4.8.2&#8243; _module_preset=&#8221;default&#8221; global_colors_info=&#8221;{}&#8221;][\/et_pb_video][\/et_pb_column][et_pb_column type=&#8221;1_2&#8243; _builder_version=&#8221;4.7.7&#8243; _module_preset=&#8221;default&#8221; global_colors_info=&#8221;{}&#8221;][et_pb_video src=&#8221;https:\/\/youtu.be\/TbXxKsosk0g&#8221; _builder_version=&#8221;4.7.7&#8243; _module_preset=&#8221;default&#8221; global_colors_info=&#8221;{}&#8221;][\/et_pb_video][\/et_pb_column][\/et_pb_row][et_pb_row column_structure=&#8221;1_2,1_2&#8243; _builder_version=&#8221;4.7.7&#8243; _module_preset=&#8221;default&#8221; global_colors_info=&#8221;{}&#8221;][et_pb_column type=&#8221;1_2&#8243; _builder_version=&#8221;4.7.7&#8243; _module_preset=&#8221;default&#8221; global_colors_info=&#8221;{}&#8221;][et_pb_video src=&#8221;https:\/\/youtu.be\/oe__zNxsPvk&#8221; _builder_version=&#8221;4.8.2&#8243; _module_preset=&#8221;default&#8221; global_colors_info=&#8221;{}&#8221;][\/et_pb_video][\/et_pb_column][et_pb_column type=&#8221;1_2&#8243; _builder_version=&#8221;4.7.7&#8243; _module_preset=&#8221;default&#8221; global_colors_info=&#8221;{}&#8221;][et_pb_video src=&#8221;https:\/\/youtu.be\/nt16V4d1nkI&#8221; _builder_version=&#8221;4.10.7&#8243; _module_preset=&#8221;default&#8221; locked=&#8221;off&#8221; global_colors_info=&#8221;{}&#8221;][\/et_pb_video][\/et_pb_column][\/et_pb_row][\/et_pb_section][et_pb_section fb_built=&#8221;1&#8243; _builder_version=&#8221;4.7.7&#8243; _module_preset=&#8221;default&#8221; background_color=&#8221;#F8F7F5&#8243; custom_padding=&#8221;7px|||||&#8221; global_colors_info=&#8221;{}&#8221;][et_pb_row column_structure=&#8221;1_3,1_3,1_3&#8243; _builder_version=&#8221;4.7.7&#8243; _module_preset=&#8221;default&#8221; global_colors_info=&#8221;{}&#8221;][et_pb_column type=&#8221;1_3&#8243; _builder_version=&#8221;4.7.7&#8243; _module_preset=&#8221;default&#8221; global_colors_info=&#8221;{}&#8221;][et_pb_image src=&#8221;https:\/\/rainjoy.eu\/wp-content\/uploads\/2021\/01\/a-propos-rainjoy-protection-velo-pluie-equipements.jpg&#8221; title_text=&#8221;\u00fcber Regenschutzausr\u00fcstung von rainjoy&#8221; _builder_version=&#8221;4.7.7&#8243; _module_preset=&#8221;default&#8221; border_radii=&#8221;on|7px|7px|7px|7px&#8221; global_colors_info=&#8221;{}&#8221;][\/et_pb_image][et_pb_text _builder_version=&#8221;4.8.2&#8243; _module_preset=&#8221;default&#8221; header_4_font=&#8221;|800|||||||&#8221; header_4_text_color=&#8221;#003049&#8243; header_4_line_height=&#8221;1.4em&#8221; locked=&#8221;off&#8221; global_colors_info=&#8221;{}&#8221;]<\/p>\n<h4 style=\"text-align: left;\">Pressemitteilung und Pressemappe von Rainjoy<\/h4>\n<p style=\"text-align: left;\"><span>Bub-up\u00ae von Rainjoy, die Freude am Radfahren im Regen, in einfacher Stra\u00dfenkleidung und ohne nass zu werden! <\/span><\/p>\n<p style=\"text-align: left;\"><a href=\"https:\/\/rainjoy.eu\/wp-content\/uploads\/2021\/02\/Communique%CC%81-de-presse-Rainjoy-3-12-20_compressed.pdf\" target=\"_blank\" rel=\"noopener noreferrer\"><span>Laden Sie unsere Pressemitteilung herunter<\/span><\/a><\/p>\n<p style=\"text-align: left;\"><a href=\"https:\/\/rainjoy.eu\/wp-content\/uploads\/2021\/01\/Dossier_de_presse_Rainjoy_FR.pdf\" target=\"_blank\" rel=\"noopener noreferrer\">Laden Sie die Pressemappe herunter.<\/a><\/p>\n<p>[\/et_pb_text][\/et_pb_column][et_pb_column type=&#8221;1_3&#8243; _builder_version=&#8221;4.7.7&#8243; _module_preset=&#8221;default&#8221; global_colors_info=&#8221;{}&#8221;][\/et_pb_column][et_pb_column type=&#8221;1_3&#8243; _builder_version=&#8221;4.7.7&#8243; _module_preset=&#8221;default&#8221; global_colors_info=&#8221;{}&#8221;][\/et_pb_column][\/et_pb_row][\/et_pb_section]<\/p>\n","protected":false},"excerpt":{"rendered":"<p>Die Mission von RainjoyEs ist uns ein Anliegen, einen Anreiz zum Fahrradfahren zu geben. Denn Radfahren ist gut f\u00fcr die Umwelt und die Gesundheit. Da unser Beitrag jedoch bescheiden ist, z\u00e4hlen wir auf Sie! DAS ENGAGEMENT VON RAINJOYUnsere WerteRainjoy ist ein franz\u00f6sisches Unternehmen mit Sitz in den Alpen und ist unter der Nummer 883 029 [&hellip;]<\/p>\n","protected":false},"author":1,"featured_media":0,"parent":0,"menu_order":0,"comment_status":"closed","ping_status":"closed","template":"","meta":{"_et_pb_use_builder":"on","_et_pb_old_content":"","_et_gb_content_width":"","footnotes":""},"_links":{"self":[{"href":"https:\/\/rainjoy.eu\/de\/wp-json\/wp\/v2\/pages\/36527"}],"collection":[{"href":"https:\/\/rainjoy.eu\/de\/wp-json\/wp\/v2\/pages"}],"about":[{"href":"https:\/\/rainjoy.eu\/de\/wp-json\/wp\/v2\/types\/page"}],"author":[{"embeddable":true,"href":"https:\/\/rainjoy.eu\/de\/wp-json\/wp\/v2\/users\/1"}],"replies":[{"embeddable":true,"href":"https:\/\/rainjoy.eu\/de\/wp-json\/wp\/v2\/comments?post=36527"}],"version-history":[{"count":15,"href":"https:\/\/rainjoy.eu\/de\/wp-json\/wp\/v2\/pages\/36527\/revisions"}],"predecessor-version":[{"id":42171,"href":"https:\/\/rainjoy.eu\/de\/wp-json\/wp\/v2\/pages\/36527\/revisions\/42171"}],"wp:attachment":[{"href":"https:\/\/rainjoy.eu\/de\/wp-json\/wp\/v2\/media?parent=36527"}],"curies":[{"name":"wp","href":"https:\/\/api.w.org\/{rel}","templated":true}]}}