{"id":36783,"date":"2022-04-28T16:53:04","date_gmt":"2022-04-28T14:53:04","guid":{"rendered":"https:\/\/rainjoy.eu\/alle-antworten-auf-ihre-fragen-zum-bub-up\/"},"modified":"2025-02-17T14:12:42","modified_gmt":"2025-02-17T13:12:42","slug":"alle-antworten-auf-ihre-fragen-zum-bub-up","status":"publish","type":"page","link":"https:\/\/rainjoy.eu\/de\/alle-antworten-auf-ihre-fragen-zum-bub-up\/","title":{"rendered":"Alle Antworten auf Ihre Fragen zum Bub-up\u00ae"},"content":{"rendered":"<p>[et_pb_section fb_built=&#8221;1&#8243; _builder_version=&#8221;4.4.8&#8243; background_image=&#8221;https:\/\/rainjoy.eu\/wp-content\/uploads\/2021\/01\/test-fond-02-min.png&#8221; global_colors_info=&#8221;{}&#8221;][et_pb_row _builder_version=&#8221;4.4.8&#8243; global_colors_info=&#8221;{}&#8221;][et_pb_column type=&#8221;4_4&#8243; _builder_version=&#8221;4.4.8&#8243; global_colors_info=&#8221;{}&#8221;][et_pb_text _builder_version=&#8221;4.6.0&#8243; header_text_align=&#8221;center&#8221; header_text_color=&#8221;#ffffff&#8221; header_font_size=&#8221;40px&#8221; header_line_height=&#8221;1.3em&#8221; custom_margin=&#8221;||4px|||&#8221; header_font_size_tablet=&#8221;&#8221; header_font_size_phone=&#8221;36px&#8221; header_font_size_last_edited=&#8221;on|phone&#8221; saved_tabs=&#8221;all&#8221; global_colors_info=&#8221;{}&#8221;]<\/p>\n<h1>FAQ Rainjoy<\/h1>\n<p>[\/et_pb_text][et_pb_text _builder_version=&#8221;4.6.0&#8243; text_text_color=&#8221;#ffffff&#8221; link_font=&#8221;|700|||on||||&#8221; link_text_color=&#8221;#ffffff&#8221; custom_margin=&#8221;21px||25px|||&#8221; custom_margin_tablet=&#8221;&#8221; custom_margin_phone=&#8221;||25px||false|false&#8221; custom_margin_last_edited=&#8221;on|phone&#8221; text_font_size_tablet=&#8221;&#8221; text_font_size_phone=&#8221;14px&#8221; text_font_size_last_edited=&#8221;on|phone&#8221; saved_tabs=&#8221;all&#8221; global_colors_info=&#8221;{}&#8221;]<\/p>\n<p style=\"text-align: center;\"><span>Auf der sicheren Seite mit dem Bub-up\u00ae<\/span><\/p>\n<p>[\/et_pb_text][\/et_pb_column][\/et_pb_row][\/et_pb_section][et_pb_section fb_built=&#8221;1&#8243; _builder_version=&#8221;4.4.8&#8243; custom_padding=&#8221;36px||36px||true|&#8221; global_colors_info=&#8221;{}&#8221;][et_pb_row _builder_version=&#8221;4.4.8&#8243; custom_padding=&#8221;||6px|||&#8221; global_colors_info=&#8221;{}&#8221;][et_pb_column type=&#8221;4_4&#8243; _builder_version=&#8221;4.4.8&#8243; global_colors_info=&#8221;{}&#8221;][et_pb_text content_tablet=&#8221;<\/p>\n<h2>Sicher mit my Bub-up\u00ae<\/h2>\n<p>&#8221; content_phone=&#8221;<\/p>\n<h2>Sicher mit my Bub-up\u00ae<\/h2>\n<p>&#8221; content_last_edited=&#8221;on|tablet&#8221; _builder_version=&#8221;4.6.0&#8243; header_2_font=&#8221;|600|||||||&#8221; header_2_line_height=&#8221;1.5em&#8221; custom_margin=&#8221;-6px||13px|||&#8221; header_2_font_size_tablet=&#8221;&#8221; header_2_font_size_phone=&#8221;22px&#8221; header_2_font_size_last_edited=&#8221;on|phone&#8221; custom_css_main_element=&#8221;text-decoration: none;||    display: inline;||    box-shadow: inset 0 -8px 0 0 #f7f5f1, inset 0 -18px 0 0 #61C2D9;&#8221; saved_tabs=&#8221;all&#8221; global_colors_info=&#8221;{}&#8221;]<\/p>\n<h2>Sicher mit my Bub-up\u00ae<\/h2>\n<p>[\/et_pb_text][\/et_pb_column][\/et_pb_row][et_pb_row column_structure=&#8221;1_2,1_2&#8243; _builder_version=&#8221;4.4.8&#8243; width=&#8221;92%&#8221; custom_margin=&#8221;|auto|-13px|auto||&#8221; global_colors_info=&#8221;{}&#8221;][et_pb_column type=&#8221;1_2&#8243; _builder_version=&#8221;4.4.8&#8243; global_colors_info=&#8221;{}&#8221;][et_pb_toggle title=&#8221;Wie windbest\u00e4ndig ist das Bub-up\u00ae?&#8221; open_toggle_text_color=&#8221;#ffffff&#8221; open_toggle_background_color=&#8221;#61c2d9&#8243; closed_toggle_background_color=&#8221;#61c2d9&#8243; icon_color=&#8221;#ffffff&#8221; _builder_version=&#8221;4.10.7&#8243; title_text_color=&#8221;#ffffff&#8221; title_font=&#8221;|800|||||||&#8221; title_line_height=&#8221;1.5em&#8221; body_font=&#8221;|800|||||||&#8221; body_text_color=&#8221;#ffffff&#8221; body_font_size=&#8221;15px&#8221; border_radii=&#8221;on|5px|5px|5px|5px&#8221; border_width_all=&#8221;0px&#8221; saved_tabs=&#8221;all&#8221; global_colors_info=&#8221;{}&#8221;]<\/p>\n<p class=\"p1\">Wir haben unser Bub-up\u00ae so konstruiert, dass es dem Wind m\u00f6glichst wenig Angriffsfl\u00e4che bietet.<\/p>\n<p class=\"p1\">Aus aerodynamischen Gr\u00fcnden und um Fallschirmeffekte zu vermeiden, ist die R\u00fcckseite des Bub-up\u00ae daher schmaler als die Vorderseite. Die anpassungsf\u00e4hige Konstruktion des Bub-up\u00ae verformt sich bis zu einer Geschwindigkeit von 35 km\/h (Fahrgeschwindigkeit) nicht.<\/p>\n<p class=\"p1\">Dar\u00fcber hinaus bzw. bei st\u00e4rkerem Wind beginnt sich das Bub-up\u00ae zu biegen, um sich besser an den Fahrtwind anzupassen.<\/p>\n<p class=\"p1\">So kann der Wind an seiner Fl\u00e4che abgleiten und es wird wiederum der Fallschirmeffekt vermieden.<\/p>\n<p class=\"p1\">Damit das Bub-up\u00ae wieder seine urspr\u00fcngliche Form annimmt, reicht es in der Regel aus, sich nach vorne zu beugen. Bis zu einer Fahrgeschwindigkeit von 15 km\/h sp\u00fcrt man den Windwiderstand nicht.<\/p>\n<p class=\"p1\">Dar\u00fcber hinaus beginnt man allm\u00e4hlich einen Widerstand je nach Fahrgeschwindigkeit wahrzunehmen, im Falle eines E-Bikes klarerweise abgeschw\u00e4cht.<\/p>\n<p>[\/et_pb_toggle][et_pb_toggle title=&#8221;Wie ist die Sicht durch die Windschutzscheibe?&#8221; open_toggle_text_color=&#8221;#ffffff&#8221; open_toggle_background_color=&#8221;#61c2d9&#8243; closed_toggle_background_color=&#8221;#61c2d9&#8243; icon_color=&#8221;#ffffff&#8221; _builder_version=&#8221;4.8.2&#8243; title_text_color=&#8221;#ffffff&#8221; title_font=&#8221;|800|||||||&#8221; title_line_height=&#8221;1.5em&#8221; body_font=&#8221;|800|||||||&#8221; body_text_color=&#8221;#ffffff&#8221; body_font_size=&#8221;15px&#8221; border_radii=&#8221;on|5px|5px|5px|5px&#8221; border_width_all=&#8221;0px&#8221; saved_tabs=&#8221;all&#8221; global_colors_info=&#8221;{}&#8221;]<\/p>\n<p class=\"p1\">Die gro\u00dfe Windschutzscheibe an der Vorderseite des Bub-up\u00ae bietet ein weites, quasi uneingeschr\u00e4nktes Sichtfeld.<\/p>\n<p class=\"p1\">So gut wie allen Benutzern ist es lieber einen Regenguss durch die Vitrine des Bub-up\u00aes zu erleben als den Regen direkt in die Augen oder auf die Brille zu bekommen.<\/p>\n<p class=\"p1\">Dadurch, dass die Regentropfen einfach vom Bub-up\u00ae abperlen, st\u00f6ren sie die Sicht nicht.<\/p>\n<p class=\"p1\">Vorsicht ist bei Dunkelheit geboten: Das Licht von direkt auf Sie gerichteten Autoscheinwerfern kann durch die Regentropfen verst\u00e4rkt werden und blenden.<\/p>\n<p class=\"p1\"><span>Abschlie\u00dfend sei erw\u00e4hnt, dass das Bub-up\u00ae nicht f\u00fcr Schneeverh\u00e4ltnisse geeignet ist.<\/span><\/p>\n<p>[\/et_pb_toggle][\/et_pb_column][et_pb_column type=&#8221;1_2&#8243; _builder_version=&#8221;4.4.8&#8243; global_colors_info=&#8221;{}&#8221;][et_pb_toggle title=&#8221;Wie wirksam ist der Schutz gegen Regen und K\u00e4lte? &#8221; open_toggle_text_color=&#8221;#ffffff&#8221; open_toggle_background_color=&#8221;#61c2d9&#8243; closed_toggle_background_color=&#8221;#61c2d9&#8243; icon_color=&#8221;#ffffff&#8221; _builder_version=&#8221;4.7.7&#8243; title_text_color=&#8221;#ffffff&#8221; title_font=&#8221;|800|||||||&#8221; title_line_height=&#8221;1.5em&#8221; body_font=&#8221;|800|||||||&#8221; body_text_color=&#8221;#ffffff&#8221; body_font_size=&#8221;15px&#8221; border_radii=&#8221;on|5px|5px|5px|5px&#8221; border_width_all=&#8221;0px&#8221; saved_tabs=&#8221;all&#8221; global_colors_info=&#8221;{}&#8221;]Das Bub-up\u00ae sch\u00fctzt den K\u00f6rper seines Benutzers von den Knien bis zum Kopf vor Regen und K\u00e4lte. Es deckt \u00fcber 80 % des K\u00f6rpers ab.<br \/>\nAuch der Schutz auf den Seiten, auch vor seitlichem Regen, wird durch die Windschutzscheibe garantiert, sobald man einmal Fahrt aufgenommen hat.<br \/>\nJe nach St\u00e4rke des Seitenwindes k\u00f6nnen jedoch die Schultern und Arme mehr oder weniger exponiert sein.[\/et_pb_toggle][et_pb_toggle title=&#8221;Wie sicher ist das Bub-up\u00ae? &#8221; open_toggle_text_color=&#8221;#ffffff&#8221; open_toggle_background_color=&#8221;#61c2d9&#8243; closed_toggle_background_color=&#8221;#61c2d9&#8243; icon_color=&#8221;#ffffff&#8221; _builder_version=&#8221;4.5.7&#8243; title_text_color=&#8221;#ffffff&#8221; title_font=&#8221;|800|||||||&#8221; title_line_height=&#8221;1.5em&#8221; body_font=&#8221;|800|||||||&#8221; body_text_color=&#8221;#ffffff&#8221; body_font_size=&#8221;15px&#8221; border_radii=&#8221;on|5px|5px|5px|5px&#8221; border_width_all=&#8221;0px&#8221; saved_tabs=&#8221;all&#8221; global_colors_info=&#8221;{}&#8221;]<\/p>\n<p class=\"p1\">Sicherheitsaspekte standen im Mittelpunkt der Entwicklung und der Konstruktion des Bub-up\u00ae.<\/p>\n<p class=\"p1\">So verf\u00fcgt das Bub-up\u00ae \u00fcber Sicherheitsschnallen in seinem Tragesystem. Im Falle eines durch Dritte oder durch den Benutzer verursachten Verkehrsunfalls l\u00f6sen sich diese bei starkem Zug automatisch.<\/p>\n<p class=\"p1\">Au\u00dferdem l\u00e4sst die Befestigung des Bub-up\u00ae dank seiner anpassungsf\u00e4higen Konstruktion und seiner optimierten Form, dem Radler jeglichen Bewegungsspielraum.<\/p>\n<p class=\"p1\">Schlie\u00dflich macht das Bub-up\u00ae den Radfahrer aufgrund seines Volumens, wenn es einmal aufgespannt ist, wesentlich besser f\u00fcr die anderen Verkehrsteilnehmer sichtbar.<\/p>\n<p>[\/et_pb_toggle][\/et_pb_column][\/et_pb_row][\/et_pb_section][et_pb_section fb_built=&#8221;1&#8243; _builder_version=&#8221;4.4.8&#8243; custom_padding=&#8221;0px||36px||false|&#8221; global_colors_info=&#8221;{}&#8221;][et_pb_row _builder_version=&#8221;4.4.8&#8243; custom_padding=&#8221;||6px|||&#8221; global_colors_info=&#8221;{}&#8221;][et_pb_column type=&#8221;4_4&#8243; _builder_version=&#8221;4.4.8&#8243; global_colors_info=&#8221;{}&#8221;][et_pb_text content_tablet=&#8221;<\/p>\n<h2>Mehr \u00fcber die Benutzung meines Bub-up\u00ae<\/h2>\n<p>&#8221; content_phone=&#8221;<\/p>\n<h2>Mehr \u00fcber die Benutzung meines Bub-up\u00ae<\/h2>\n<p>&#8221; content_last_edited=&#8221;on|tablet&#8221; _builder_version=&#8221;4.6.0&#8243; header_2_font=&#8221;|600|||||||&#8221; header_2_line_height=&#8221;1.5em&#8221; custom_margin=&#8221;-6px||13px|||&#8221; header_2_font_size_tablet=&#8221;&#8221; header_2_font_size_phone=&#8221;22px&#8221; header_2_font_size_last_edited=&#8221;on|phone&#8221; custom_css_main_element=&#8221;text-decoration: none;||    display: inline;||    box-shadow: inset 0 -8px 0 0 #f7f5f1, inset 0 -18px 0 0 #61C2D9;&#8221; saved_tabs=&#8221;all&#8221; global_colors_info=&#8221;{}&#8221;]<\/p>\n<h2>Mehr \u00fcber die Benutzung meines Bub-up\u00ae<\/h2>\n<p>[\/et_pb_text][\/et_pb_column][\/et_pb_row][et_pb_row column_structure=&#8221;1_2,1_2&#8243; _builder_version=&#8221;4.4.8&#8243; width=&#8221;92%&#8221; global_colors_info=&#8221;{}&#8221;][et_pb_column type=&#8221;1_2&#8243; _builder_version=&#8221;4.4.8&#8243; global_colors_info=&#8221;{}&#8221;][et_pb_toggle title=&#8221;Kann es auf allen R\u00e4dern montiert werden? &#8221; open_toggle_text_color=&#8221;#ffffff&#8221; open_toggle_background_color=&#8221;#61c2d9&#8243; closed_toggle_background_color=&#8221;#61c2d9&#8243; icon_color=&#8221;#ffffff&#8221; _builder_version=&#8221;4.5.7&#8243; title_text_color=&#8221;#ffffff&#8221; title_font=&#8221;|800|||||||&#8221; title_line_height=&#8221;1.5em&#8221; body_font=&#8221;|800|||||||&#8221; body_text_color=&#8221;#ffffff&#8221; body_font_size=&#8221;15px&#8221; border_radii=&#8221;on|5px|5px|5px|5px&#8221; border_width_all=&#8221;0px&#8221; saved_tabs=&#8221;all&#8221; global_colors_info=&#8221;{}&#8221;]<\/p>\n<p class=\"p1\">Der Bub-up\u00ae ist mit allen Fahrr\u00e4dern, ob mit Elektro- oder Muskelantrieb, kompatibel. F\u00fcr mehr Komfort sollten Sie jedoch darauf achten, dass der Sattel nicht h\u00f6her als der Lenker positioniert ist.<\/p>\n<p class=\"p1\">Rennr\u00e4der mit Rennradlenker sollten jedoch vermieden werden, da diese eine gebeugte oder horizontale K\u00f6rperposition erfordern, die mit der Verwendung des Bub-up\u00ae nicht vereinbar ist. Wenn Sie einen Fahrradkorb haben, k\u00f6nnen Sie das Bub-up\u00ae jedoch problemlos montieren.<\/p>\n<p>[\/et_pb_toggle][et_pb_toggle title=&#8221;Ist es f\u00fcr Kinder geeignet? &#8221; open_toggle_text_color=&#8221;#ffffff&#8221; open_toggle_background_color=&#8221;#61c2d9&#8243; closed_toggle_background_color=&#8221;#61c2d9&#8243; icon_color=&#8221;#ffffff&#8221; _builder_version=&#8221;4.10.7&#8243; title_text_color=&#8221;#ffffff&#8221; title_font=&#8221;|800|||||||&#8221; title_line_height=&#8221;1.5em&#8221; body_font=&#8221;|800|||||||&#8221; body_text_color=&#8221;#ffffff&#8221; body_font_size=&#8221;15px&#8221; border_radii=&#8221;on|5px|5px|5px|5px&#8221; border_width_all=&#8221;0px&#8221; saved_tabs=&#8221;all&#8221; global_colors_info=&#8221;{}&#8221;]<\/p>\n<p class=\"p1\">Das Bub-up\u00ae ist nicht f\u00fcr die Gr\u00f6\u00dfe von Kindern zugeschnitten. Es wird auch nicht f\u00fcr das Radfahren mit einem Kindersitz empfohlen.<\/p>\n<p class=\"p1\">F\u00fcr die Verwendung mit einem Kind verwenden Sie den Bub-up Kids!<\/p>\n<p class=\"p1\">Andererseits ist es durchaus m\u00f6glich, das Bub-up\u00ae f\u00fcr einen erwachsenen Fahrer eines Lastenrads mit einem Fronttr\u00e4ger zu verwenden. In diesem Fall sind beide gesch\u00fctzt: der Lenker auf dem Fahrrad und das Kind in seiner Tr\u00e4gerbox.<\/p>\n<p>[\/et_pb_toggle][\/et_pb_column][et_pb_column type=&#8221;1_2&#8243; _builder_version=&#8221;4.4.8&#8243; global_colors_info=&#8221;{}&#8221;][et_pb_toggle title=&#8221;Wie kann ich mein Bub-up\u00ae nach der Benutzung trocknen? &#8221; open_toggle_text_color=&#8221;#ffffff&#8221; open_toggle_background_color=&#8221;#61c2d9&#8243; closed_toggle_background_color=&#8221;#61c2d9&#8243; icon_color=&#8221;#ffffff&#8221; _builder_version=&#8221;4.5.7&#8243; title_text_color=&#8221;#ffffff&#8221; title_font=&#8221;|800|||||||&#8221; title_line_height=&#8221;1.5em&#8221; body_font=&#8221;|800|||||||&#8221; body_text_color=&#8221;#ffffff&#8221; body_font_size=&#8221;15px&#8221; border_radii=&#8221;on|5px|5px|5px|5px&#8221; border_width_all=&#8221;0px&#8221; saved_tabs=&#8221;all&#8221; global_colors_info=&#8221;{}&#8221;]<\/p>\n<p class=\"p1\">.<\/p>\n<p class=\"p1\">Genauso wie ein Regenschirm sollte das Bub-up\u00ae nach Gebrauch im aufgespanntem Zustand getrocknet werden.<\/p>\n<p class=\"p1\">Es gen\u00fcgt, das Bub-up\u00ae an einer trockenen, sauberen Stellen zu platzieren, zum Beispiel auf dem Boden, einem Stuhl oder einem kleinen Tisch. Sie k\u00f6nnen Ihr Bub-up\u00ae auch zum Trocknen am Fahrrad im Parkmodus montiert lassen, sofern ihr Rad an einem diebstahlsicheren Ort abgestellt ist<i>.<\/i> <\/p>\n<p class=\"p1\">Nat\u00fcrlich k\u00f6nnen Sie das Bub-up\u00ae auch in der Badewanne oder Dusche trocknen lassen.<\/p>\n<p>[\/et_pb_toggle][et_pb_toggle title=&#8221;Wie kann ich Falten von meiner Kunststoff-Windschutzscheibe entfernen?&#8221; open_toggle_text_color=&#8221;#ffffff&#8221; open_toggle_background_color=&#8221;#61c2d9&#8243; closed_toggle_background_color=&#8221;#61c2d9&#8243; icon_color=&#8221;#ffffff&#8221; _builder_version=&#8221;4.10.7&#8243; title_text_color=&#8221;#ffffff&#8221; title_font=&#8221;|800|||||||&#8221; title_line_height=&#8221;1.5em&#8221; body_font=&#8221;|800|||||||&#8221; body_text_color=&#8221;#ffffff&#8221; body_font_size=&#8221;15px&#8221; border_radii=&#8221;on|5px|5px|5px|5px&#8221; border_width_all=&#8221;0px&#8221; saved_tabs=&#8221;all&#8221; global_colors_info=&#8221;{}&#8221;]<\/p>\n<p class=\"p1\">Die Kunststoff-Windschutzscheibe Ihres Bub-up kann nach dem Transport und der Lagerung Ihres Produkts ungew\u00f6hnliche Falten aufweisen. In diesem Fall gen\u00fcgt ein Gl\u00e4tten mit einem F\u00f6n (Abstand 15 cm) und einem trockenen Tuch. <!-- notionvc: c26ff478-c081-449a-add8-5bae4f5da7a1 --><\/p>\n<p>[\/et_pb_toggle][\/et_pb_column][\/et_pb_row][\/et_pb_section][et_pb_section fb_built=&#8221;1&#8243; _builder_version=&#8221;4.7.7&#8243; _module_preset=&#8221;default&#8221; background_color=&#8221;#60C3D9&#8243; background_enable_color=&#8221;off&#8221; background_image=&#8221;https:\/\/rainjoy.eu\/wp-content\/uploads\/2021\/01\/test-fond-02-min.png&#8221; background_position=&#8221;center_right&#8221; custom_padding=&#8221;41px||41px||true|&#8221; saved_tabs=&#8221;all&#8221; global_colors_info=&#8221;{}&#8221;][et_pb_row _builder_version=&#8221;4.7.7&#8243; _module_preset=&#8221;default&#8221; global_colors_info=&#8221;{}&#8221;][et_pb_column type=&#8221;4_4&#8243; _builder_version=&#8221;4.7.7&#8243; _module_preset=&#8221;default&#8221; global_colors_info=&#8221;{}&#8221;][et_pb_text _builder_version=&#8221;4.7.7&#8243; _module_preset=&#8221;default&#8221; header_2_text_color=&#8221;#FFFFFF&#8221; header_2_font_size=&#8221;25px&#8221; header_2_line_height=&#8221;1.5em&#8221; text_orientation=&#8221;center&#8221; header_2_font_size_tablet=&#8221;&#8221; header_2_font_size_phone=&#8221;24px&#8221; header_2_font_size_last_edited=&#8221;on|phone&#8221; locked=&#8221;off&#8221; global_colors_info=&#8221;{}&#8221;]<\/p>\n<h2>Entdecken Sie den Bub-up\u00ae<br \/>in Aktion mit unseren Demos und Video-Tutorials<\/h2>\n<p>[\/et_pb_text][et_pb_button button_url=&#8221;@ET-DC@eyJkeW5hbWljIjp0cnVlLCJjb250ZW50IjoicG9zdF9saW5rX3VybF9wYWdlIiwic2V0dGluZ3MiOnsicG9zdF9pZCI6IjE4NyJ9fQ==@&#8221; button_text=&#8221;Sehen Sie sich die Bub-up\u00ae-Tutorials an&#8221; button_alignment=&#8221;center&#8221; _builder_version=&#8221;4.8.2&#8243; _dynamic_attributes=&#8221;button_url&#8221; _module_preset=&#8221;default&#8221; custom_button=&#8221;on&#8221; button_text_size=&#8221;14px&#8221; button_text_color=&#8221;#003049&#8243; button_bg_color=&#8221;#F8F7F5&#8243; button_border_color=&#8221;#F8F7F5&#8243; button_font=&#8221;|800|||||||&#8221; button_use_icon=&#8221;off&#8221; custom_padding=&#8221;11px|34px|11px|34px|true|true&#8221; locked=&#8221;off&#8221; global_colors_info=&#8221;{}&#8221; button_text_color__hover_enabled=&#8221;on|desktop&#8221; button_bg_color__hover_enabled=&#8221;on|desktop&#8221; button_bg_color__hover=&#8221;rgba(96,195,217,0)&#8221; button_bg_enable_color__hover=&#8221;on&#8221; button_text_color__hover=&#8221;#F8F7F5&#8243; button_border_color__hover_enabled=&#8221;on|hover&#8221; button_border_color__hover=&#8221;#F8F7F5&#8243;][\/et_pb_button][\/et_pb_column][\/et_pb_row][\/et_pb_section][et_pb_section fb_built=&#8221;1&#8243; _builder_version=&#8221;4.4.8&#8243; global_colors_info=&#8221;{}&#8221;][et_pb_row _builder_version=&#8221;4.4.8&#8243; global_colors_info=&#8221;{}&#8221;][et_pb_column type=&#8221;4_4&#8243; _builder_version=&#8221;4.4.8&#8243; global_colors_info=&#8221;{}&#8221;][et_pb_text content_tablet=&#8221;&#8221; content_phone=&#8221;&#8221; content_last_edited=&#8221;on|tablet&#8221; _builder_version=&#8221;4.6.0&#8243; header_2_font=&#8221;|600|||||||&#8221; header_2_line_height=&#8221;1.5em&#8221; custom_margin=&#8221;-6px||13px|||&#8221; header_2_font_size_tablet=&#8221;&#8221; header_2_font_size_phone=&#8221;22px&#8221; header_2_font_size_last_edited=&#8221;on|phone&#8221; custom_css_main_element=&#8221;text-decoration: none;||    display: inline;||    box-shadow: inset 0 -8px 0 0 #f7f5f1, inset 0 -18px 0 0 #61C2D9;&#8221; saved_tabs=&#8221;all&#8221; global_colors_info=&#8221;{}&#8221;]<\/p>\n<h2 style=\"text-align: center;\">Diese Artikel k\u00f6nnten Sie interessieren<\/h2>\n<p>[\/et_pb_text][\/et_pb_column][\/et_pb_row][et_pb_row _builder_version=&#8221;4.4.8&#8243; global_colors_info=&#8221;{}&#8221;][et_pb_column type=&#8221;4_4&#8243; _builder_version=&#8221;4.4.8&#8243; global_colors_info=&#8221;{}&#8221;][et_pb_blog fullwidth=&#8221;off&#8221; posts_number=&#8221;3&#8243; include_categories=&#8221;37&#8243; show_more=&#8221;on&#8221; show_author=&#8221;off&#8221; show_categories=&#8221;off&#8221; show_excerpt=&#8221;off&#8221; show_pagination=&#8221;off&#8221; use_overlay=&#8221;on&#8221; overlay_icon_color=&#8221;#60C3D9&#8243; hover_overlay_color=&#8221;rgba(96,195,217,0)&#8221; _builder_version=&#8221;4.8.2&#8243; _module_preset=&#8221;default&#8221; header_text_color=&#8221;#003049&#8243; header_font_size=&#8221;17px&#8221; header_line_height=&#8221;1.6em&#8221; meta_text_color=&#8221;#60C3D9&#8243; meta_font_size=&#8221;13px&#8221; meta_line_height=&#8221;2.4em&#8221; read_more_font=&#8221;|||on|on|||#60C3D9|&#8221; read_more_text_color=&#8221;#003049&#8243; read_more_font_size=&#8221;13px&#8221; read_more_letter_spacing=&#8221;1px&#8221; read_more_line_height=&#8221;3em&#8221; border_radii=&#8221;on|10px|10px|10px|10px&#8221; border_width_all=&#8221;0px&#8221; box_shadow_style=&#8221;preset1&#8243; box_shadow_color=&#8221;rgba(0,0,0,0.06)&#8221; global_colors_info=&#8221;{}&#8221;][\/et_pb_blog][\/et_pb_column][\/et_pb_row][\/et_pb_section]<\/p>\n","protected":false},"excerpt":{"rendered":"<p>FAQ RainjoyAuf der sicheren Seite mit dem Bub-up\u00aeSicher mit my Bub-up\u00aeWir haben unser Bub-up\u00ae so konstruiert, dass es dem Wind m\u00f6glichst wenig Angriffsfl\u00e4che bietet. Aus aerodynamischen Gr\u00fcnden und um Fallschirmeffekte zu vermeiden, ist die R\u00fcckseite des Bub-up\u00ae daher schmaler als die Vorderseite. Die anpassungsf\u00e4hige Konstruktion des Bub-up\u00ae verformt sich bis zu einer Geschwindigkeit von 35 [&hellip;]<\/p>\n","protected":false},"author":1,"featured_media":0,"parent":0,"menu_order":0,"comment_status":"closed","ping_status":"closed","template":"","meta":{"_et_pb_use_builder":"on","_et_pb_old_content":"","_et_gb_content_width":"","footnotes":""},"_links":{"self":[{"href":"https:\/\/rainjoy.eu\/de\/wp-json\/wp\/v2\/pages\/36783"}],"collection":[{"href":"https:\/\/rainjoy.eu\/de\/wp-json\/wp\/v2\/pages"}],"about":[{"href":"https:\/\/rainjoy.eu\/de\/wp-json\/wp\/v2\/types\/page"}],"author":[{"embeddable":true,"href":"https:\/\/rainjoy.eu\/de\/wp-json\/wp\/v2\/users\/1"}],"replies":[{"embeddable":true,"href":"https:\/\/rainjoy.eu\/de\/wp-json\/wp\/v2\/comments?post=36783"}],"version-history":[{"count":21,"href":"https:\/\/rainjoy.eu\/de\/wp-json\/wp\/v2\/pages\/36783\/revisions"}],"predecessor-version":[{"id":41803,"href":"https:\/\/rainjoy.eu\/de\/wp-json\/wp\/v2\/pages\/36783\/revisions\/41803"}],"wp:attachment":[{"href":"https:\/\/rainjoy.eu\/de\/wp-json\/wp\/v2\/media?parent=36783"}],"curies":[{"name":"wp","href":"https:\/\/api.w.org\/{rel}","templated":true}]}}