{"id":36849,"date":"2022-05-04T14:46:20","date_gmt":"2022-05-04T12:46:20","guid":{"rendered":"https:\/\/rainjoy.eu\/terms-of-use\/"},"modified":"2022-09-15T15:54:45","modified_gmt":"2022-09-15T13:54:45","slug":"nutzungsbedingungen","status":"publish","type":"page","link":"https:\/\/rainjoy.eu\/de\/nutzungsbedingungen\/","title":{"rendered":"Nutzungsbedingungen"},"content":{"rendered":"\n<h1 class=\"wp-block-heading\"><strong>Nutzungsbedingungen<\/strong><\/h1>\n\n\n\n<h2 class=\"wp-block-heading\"><strong>Artikel 1 \u2013 Zust\u00e4ndigkeit und Begriffsbestimmungen<\/strong><\/h2>\n\n\n\n<p>Die unten aufgef\u00fchrten W\u00f6rter definieren:<\/p>\n\n\n\n<p>\u201eSite\u201c, \u201eWebsite\u201c oder \u201eService\u201c: die Website www.rainjoy.eu und alle ihre Seiten.<\/p>\n\n\n\n<p>\u201eHerausgeber\u201c: die juristische oder nat\u00fcrliche Person, die f\u00fcr die Bearbeitung und Ver\u00f6ffentlichung von Inhalten auf der Website verantwortlich ist.<\/p>\n\n\n\n<p>\u201eBenutzer\u201c: die Person, die die Website besucht und nutzt.<\/p>\n\n\n\n<p>Diese Nutzungsbedingungen unterliegen franz\u00f6sischem Recht und werden in \u00dcbereinstimmung mit den franz\u00f6sischen Gerichten ausgelegt. Auf dieser Seite erhalten Sie f\u00fcr Ihren Lesekomfort und Ihr Verst\u00e4ndnis eine vollst\u00e4ndige \u00dcbersetzung der Allgemeinen Gesch\u00e4ftsbedingungen der aktuellen Website ins Deutsche.<\/p>\n\n\n\n<h2 class=\"wp-block-heading\"><strong>Artikel 2 \u2013 Bewerbung<\/strong><\/h2>\n\n\n\n<p>Diese Bedingungen sollen die Bedingungen f\u00fcr den Zugriff auf die Website durch Benutzer definieren. Der Herausgeber beh\u00e4lt sich das Recht vor, die AGB jederzeit zu \u00e4ndern, indem er eine neue Version davon auf der Website ver\u00f6ffentlicht. Die f\u00fcr den Benutzer geltenden AGB sind diejenigen, die am Tag ihrer Annahme g\u00fcltig sind.<\/p>\n\n\n\n<p>Die Website ist f\u00fcr jeden Internetnutzer frei zug\u00e4nglich. Der Erwerb eines Produkts, die Erstellung eines Kontos auf der Website und im weiteren Sinne die Navigation auf der Website setzt die Annahme der gesamten aktuellen Allgemeinen Gesch\u00e4ftsbedingungen durch den Benutzer voraus, wobei der Benutzer damit anerkennt, diese vollst\u00e4ndig zur Kenntnis genommen und akzeptiert zu haben.<\/p>\n\n\n\n<p>Die Erfassung dieser Zustimmung kann beispielsweise als Checkbox neben dem Satz \u201eIch habe die Nutzungsbedingungen dieser Seite gelesen und akzeptiert\u201c materialisiert werden. Das Ankreuzen dieses K\u00e4stchens hat den gleichen Wert wie eine handschriftliche Unterschrift des Benutzers.<\/p>\n\n\n\n<p>Der Nutzer erkennt den Beweiswert der automatischen Aufzeichnungssysteme der Website an und wird, sofern er nicht das Gegenteil beweisen kann, diesen Beweis im Falle einer Beschwerde nicht anfechten.<\/p>\n\n\n\n<p>Die Annahme dieser Allgemeinen Gesch\u00e4ftsbedingungen impliziert seitens des Benutzers, dass er oder sie \u00fcber die dazu erforderliche Rechtsf\u00e4higkeit verf\u00fcgt. Ist der Nutzer minderj\u00e4hrig oder nicht gesch\u00e4ftsf\u00e4hig, erkl\u00e4rt er mit Zustimmung eines Erziehungsberechtigten.<\/p>\n\n\n\n<p>Der Herausgeber stellt dem Kunden auf seiner Website eine Vertraulichkeitscharta zur Verf\u00fcgung, die alle Informationen in Bezug auf die Verwendung der vom Herausgeber gesammelten pers\u00f6nlichen Daten des Kunden und die Rechte des Kunden an seinen pers\u00f6nlichen Daten enth\u00e4lt. Die Datenschutzerkl\u00e4rung ist Bestandteil der AGB. Die Annahme dieser Bedingungen bedeutet daher die Annahme der Datenschutzrichtlinie.<\/p>\n\n\n\n<h2 class=\"wp-block-heading\"><strong>Artikel 3 \u2013 Rechtliche Hinweise, Datenschutzrichtlinie und Zweck der Website<\/strong><\/h2>\n\n\n\n<p>Die Website www.rainjoy.eu wird von Rainjoy SAS herausgegeben. Rechtliche Hinweise zum Website-Host und -Herausgeber finden Sie im Website-Rechtshinweis; Die Website-Richtlinie bez\u00fcglich der Erfassung und Verwendung von Benutzerdaten finden Sie in der Website-Datenschutzrichtlinie.<\/p>\n\n\n\n<p>Der Zweck der Website ist der folgende: \u201eE-Commerce\u201c.<\/p>\n\n\n\n<h2 class=\"wp-block-heading\"><strong>Artikel 4 \u2013 Mitgliedskonto<\/strong><\/h2>\n\n\n\n<p>Der registrierte Benutzer auf der Website (Mitglied) hat die M\u00f6glichkeit, auf sein Konto zuzugreifen, indem er sich mit der bei der Registrierung angegebenen E-Mail-Adresse und einem Passwort anmeldet oder die Anmeldeschaltfl\u00e4chen von sozialen Netzwerken von Drittanbietern verwendet. Der Benutzer ist f\u00fcr den Schutz des von ihm gew\u00e4hlten Passworts verantwortlich und wird ermutigt, komplexe Passw\u00f6rter zu verwenden. Im Falle eines vergessenen Passworts kann das Mitglied ein neues w\u00e4hlen oder generieren. Dieses Passwort ist die Garantie f\u00fcr die Vertraulichkeit der im Benutzerkonto enthaltenen Informationen, und der Benutzer wird es unterlassen, es an Dritte weiterzugeben oder mitzuteilen. Andernfalls haftet die Website nicht f\u00fcr den unbefugten Zugriff auf ein Benutzerkonto.<\/p>\n\n\n\n<p>Das Erstellen eines Kontos ist eine Voraussetzung f\u00fcr jeden Mitgliedsbeitrag auf dieser Website. Zu diesem Zweck kann das Mitglied um die Angabe einiger pers\u00f6nlicher Informationen gebeten werden. Das Mitglied verpflichtet sich, wahrheitsgem\u00e4\u00dfe Angaben zu machen.<\/p>\n\n\n\n<p>Zweck der Datenerhebung ist die Erstellung eines Mitgliedskontos. Der Herausgeber der Website kann nicht haftbar gemacht werden, wenn die im Konto enthaltenen Daten infolge eines technischen Ausfalls oder eines Ereignisses h\u00f6herer Gewalt verschwinden, wobei diese Informationen keinen Beweiswert, sondern nur einen informativen Wert haben. Die Kontoseiten sind f\u00fcr den jeweiligen Kontoinhaber frei ausdruckbar, k\u00f6nnen aber nicht als Beweismittel herangezogen werden; sie haben nur informativen Wert und sollen dem Mitglied effektiv helfen, seine Beitr\u00e4ge zu verwalten.<\/p>\n\n\n\n<p>Mitgliedern steht es frei, ihr Konto auf der Website zu l\u00f6schen. Dazu kann das Mitglied eine E-Mail an die Website senden, in der es erkl\u00e4rt, dass es das Konto l\u00f6schen m\u00f6chte. Nach Kontol\u00f6schung ist keine Datenwiederherstellung m\u00f6glich.<\/p>\n\n\n\n<p>Der Herausgeber beh\u00e4lt sich das ausschlie\u00dfliche Recht vor, das Konto eines Mitglieds zu l\u00f6schen, das m\u00f6glicherweise gegen diese Allgemeinen Gesch\u00e4ftsbedingungen versto\u00dfen hat, einschlie\u00dflich, aber nicht beschr\u00e4nkt auf die wissentliche Angabe falscher Informationen w\u00e4hrend der Benutzerregistrierung und der Erstellung eines Kontos oder wenn das Mitglied auf inaktiv war die Website f\u00fcr mindestens ein Jahr. Diese L\u00f6schung kann nicht als sch\u00e4dlich f\u00fcr das ausgeschlossene Mitglied angesehen werden, das f\u00fcr diese L\u00f6schung des Kontos keine Entsch\u00e4digung verlangen kann. Diese L\u00f6schung hindert den Herausgeber nicht daran, rechtliche Schritte oder eine Klage gegen das Mitglied einzuleiten, falls die Tatsachen dies rechtfertigen sollten.<\/p>\n\n\n\n<h2 class=\"wp-block-heading\"><strong>Artikel 5 \u2013 Zugriff auf und Verf\u00fcgbarkeit der Website<\/strong><\/h2>\n\n\n\n<p>Wenn keine Verbindung zur Website hergestellt wird, wird dies nicht als sch\u00e4dlich f\u00fcr die Benutzer angesehen und f\u00fchrt zu keinem Recht auf irgendeine Art von Entsch\u00e4digung.<\/p>\n\n\n\n<p>Der Verlag ist an Mittel gebunden; er kann nicht f\u00fcr Sch\u00e4den haftbar gemacht werden, die sich aus der Nutzung des Internet-Netzwerks ergeben, wie Datenverlust, Hacking, Viren, Dienstausf\u00e4lle oder andere.<\/p>\n\n\n\n<p>Der Benutzer erkl\u00e4rt sich ausdr\u00fccklich damit einverstanden, die Website auf eigenes Risiko und unter seiner alleinigen Verantwortung zu nutzen.<\/p>\n\n\n\n<p>Die Website stellt dem Benutzer indikative Informationen zur Verf\u00fcgung und es k\u00f6nnen M\u00e4ngel, Irrt\u00fcmer, Auslassungen, falsche Angaben und andere Ambivalenzen vorhanden sein. In keinem Fall haftet der Herausgeber f\u00fcr:<\/p>\n\n\n\n<p>alle direkten oder indirekten Sch\u00e4den, einschlie\u00dflich, aber nicht beschr\u00e4nkt auf entgangene Gewinne, Einnahmeausf\u00e4lle, Kunden- oder Datenverluste, die sich aus der Nutzung dieser Website oder umgekehrt aus der Unf\u00e4higkeit ergeben, sie zu nutzen;<\/p>\n\n\n\n<p>jede Fehlfunktion, Unm\u00f6glichkeit des Zugriffs, Missbrauch, falsche Konfiguration des Computers des Benutzers oder f\u00fcr die Verwendung eines ungew\u00f6hnlichen Browsers durch den Benutzer.<\/p>\n\n\n\n<h2 class=\"wp-block-heading\"><strong>Artikel 6 \u2013 Hypertext-Links<\/strong><\/h2>\n\n\n\n<p>Hypertext-Links auf der aktuellen Website k\u00f6nnen auf andere Websites verweisen, und der Herausgeber der aktuellen Website kann nicht daf\u00fcr verantwortlich gemacht werden, wenn der Inhalt dieser Websites gegen geltendes Recht verst\u00f6\u00dft.<\/p>\n\n\n\n<p>Der Herausgeber der aktuellen Website haftet nicht f\u00fcr Sch\u00e4den, die dem Benutzer durch seinen Besuch auf diesen Websites Dritter entstehen.<\/p>\n\n\n\n<p>Wenn trotz der Bem\u00fchungen des Herausgebers einer der auf der Website vorhandenen Hypertext-Links auf eine Website oder eine Internetquelle verweist, deren Inhalt den Anforderungen des franz\u00f6sischen Rechts f\u00fcr einen Benutzer entspricht oder nicht zu entsprechen scheint, verpflichtet sich dieser, sich unverz\u00fcglich mit dem in Verbindung zu setzen Ver\u00f6ffentlichungsleiter der Website, dessen Kontaktdaten in den rechtlichen Hinweisen der Website erscheinen, um ihm die Adresse der Seiten der betreffenden Website Dritter mitzuteilen.<\/p>\n\n\n\n<h2 class=\"wp-block-heading\"><strong>Artikel 7 \u2013 Verwendung von Cookies<\/strong><\/h2>\n\n\n\n<p>Cookies erm\u00f6glichen es der Website, ihre Benutzer zu identifizieren, ihr Surferlebnis anzupassen und die Anzeige der Seiten der Website durch eine auf ihrem Computer oder Ger\u00e4t gespeicherte Datendatei zu beschleunigen. Cookies werden normalerweise auf der Website verwendet, um 1) Benutzernavigationsdaten zu sammeln, um Analysen bereitzustellen und die Benutzererfahrung zu optimieren, und 2) dem Benutzer zu erm\u00f6glichen, sich bei passwortgesch\u00fctzten Seiten anzumelden und darauf zuzugreifen, einschlie\u00dflich, aber nicht beschr\u00e4nkt auf seine oder ihre Kontoseiten.<\/p>\n\n\n\n<p>Der Benutzer best\u00e4tigt, dass er \u00fcber die Verwendung von Cookies auf der Website informiert wurde, und autorisiert die Website und ihren Herausgeber, sie zu verwenden. Rainjoy verpflichtet sich, den Inhalt dieser Cookies niemals an Dritte weiterzugeben, au\u00dfer im Rahmen von Gerichtsverfahren.<\/p>\n\n\n\n<p>Der Benutzer kann die Verwendung von Cookies ablehnen oder seinen Browser so konfigurieren, dass er vor der Verwendung benachrichtigt wird. Dazu kann der Benutzer wie folgt vorgehen: Dazu f\u00e4hrt der Benutzer mit der Konfiguration seines Browsers fort:<\/p>\n\n\n\n<p>F\u00fcr Internet Explorer: https:\/\/support.microsoft.com\/en-us\/help\/17442\/windows-internet-explorer-delete-manage-cookies<\/p>\n\n\n\n<p>F\u00fcr Safari: https:\/\/support.apple.com\/en-us\/HT201265<\/p>\n\n\n\n<p>F\u00fcr Google Chrome: https:\/\/support.google.com\/chrome\/answer\/95647?hl=en F\u00fcr Firefox: https:\/\/support.mozilla.org\/en-US\/kb\/enable-and-disable-cookies- Website-Einstellungen<\/p>\n\n\n\n<p>F\u00fcr Firefox: <a href=\"https:\/\/support.mozilla.org\/en-US\/kb\/enable-and-disable-cookies-website-preferences\" target=\"_blank\" rel=\"noopener\">https:\/\/support.mozilla.org\/en-US\/kb\/enable-and-disable-cookies-website-preferences<\/a><\/p>\n\n\n\n<h2 class=\"wp-block-heading\"><strong>Artikel 8 \u2013 Rechte an geistigem Eigentum in Bezug auf die auf dieser Website ver\u00f6ffentlichten Informationen<\/strong><\/h2>\n\n\n\n<p>Sofern nicht anders angegeben, besitzen der Herausgeber oder seine Lizenzgeber die geistigen Eigentumsrechte der Website und des Materials auf der Website.<\/p>\n\n\n\n<p>Das Kopieren von Inhalten, einschlie\u00dflich, aber nicht beschr\u00e4nkt auf Logos, Textinhalte, Bilder oder Videos, ist strengstens untersagt und gilt als F\u00e4lschung.<\/p>\n\n\n\n<p>Jeder Benutzer, der der F\u00e4lschung f\u00fcr schuldig befunden wird, w\u00fcrde wahrscheinlich sein oder ihr Konto ohne Vorank\u00fcndigung oder Entsch\u00e4digung gel\u00f6scht sehen, wobei diese L\u00f6schung den Herausgeber oder seinen Vertreter nicht daran hindert, rechtliche Schritte oder eine Klage gegen das Mitglied einzuleiten, falls die Tatsachen dies rechtfertigen sollten.<\/p>\n\n\n\n<p>Auf der Website erscheinende Warenzeichen und Logos werden vom Herausgeber oder m\u00f6glicherweise von einem seiner Partner hinterlegt. Jede Person, die mit ihren Darstellungen, Vervielf\u00e4ltigungen, Verflechtungen, Verbreitungen und Wiederholungen fortf\u00e4hrt, wird daher mit Strafen belegt, die in den Artikeln L. 713-2 ff. des franz\u00f6sischen Gesetzes \u00fcber geistiges Eigentum vorgesehen sind.<\/p>\n\n\n\n<h2 class=\"wp-block-heading\"><strong>Artikel 9 \u2013 Haftung<\/strong><\/h2>\n\n\n\n<p>Der Herausgeber haftet nicht f\u00fcr technische Behinderungen der Verbindung zur Website, einschlie\u00dflich, aber nicht beschr\u00e4nkt auf Behinderungen aufgrund h\u00f6herer Gewalt, einer Wartung, einer Aktualisierung, \u00c4nderungen an der Website, einem Eingriff des Hosting-Unternehmens, an interner oder externer Streik, ein Netzwerkausfall, ein Stromausfall oder eine schlechte Einrichtung oder Bedienung des Benutzercomputers. Der Herausgeber kann in keiner Weise f\u00fcr Sch\u00e4den haftbar gemacht werden, die am Computersystem des Benutzers und\/oder f\u00fcr Datenverluste infolge der Nutzung der Website durch den Benutzer auftreten k\u00f6nnen.<\/p>\n\n\n\n<p>Der Herausgeber verpflichtet sich, den Inhalt der Website st\u00e4ndig zu aktualisieren und den Benutzern genaue, klare, genaue und aktuelle Informationen zur Verf\u00fcgung zu stellen. Die Website ist im Prinzip st\u00e4ndig zug\u00e4nglich, au\u00dfer w\u00e4hrend technischer Wartungsarbeiten und Inhaltsaktualisierungsvorg\u00e4ngen. Der Herausgeber kann nicht f\u00fcr Sch\u00e4den haftbar gemacht werden, die sich aus der Nichtverf\u00fcgbarkeit der Website oder Teilen davon ergeben.<\/p>\n\n\n\n<p>Der Site-Herausgeber kann nicht haftbar gemacht werden f\u00fcr die technische Nichtverf\u00fcgbarkeit der Verbindung, sei es insbesondere aufgrund h\u00f6herer Gewalt, Wartung, Aktualisierung, \u00c4nderung der Site, eines Eingriffs des Hosts, eines internen oder externen Streiks, eines Netzwerkausfalls, oder gar Stromausfall.<\/p>\n\n\n\n<p>Der Herausgeber kann nicht f\u00fcr das Nichtfunktionieren, die Unm\u00f6glichkeit des Zugriffs oder die Fehlfunktionen der Website verantwortlich gemacht werden, die auf ungeeignete Ausr\u00fcstung, falsche Konfiguration oder Verwendung des Computers des Benutzers, Fehlfunktionen der Dienste des Zugangsanbieters des Benutzers oder des Internet-Netzwerks zur\u00fcckzuf\u00fchren sind.<\/p>\n\n\n\n<h2 class=\"wp-block-heading\"><strong>Artikel 10 \u2013 Mitteilungen und Anspr\u00fcche<\/strong><\/h2>\n\n\n\n<p>Alle Mitteilungen zu den Allgemeinen Gesch\u00e4ftsbedingungen, rechtlichen Hinweisen oder Datenschutzrichtlinien m\u00fcssen schriftlich erfolgen und pers\u00f6nlich, per Einschreiben oder Einschreiben, per Post oder einem anderen bekannten Kurierdienst auf nationaler Ebene zugestellt werden, der eine regelm\u00e4\u00dfige \u00dcberpr\u00fcfung seiner Preise erm\u00f6glicht und Gesch\u00e4ftsbedingungen oder per E-Mail an die im Impressum dieser Website genannten Adressen unter Angabe Ihres vollst\u00e4ndigen Namens, Ihrer Kontaktdaten und des Betreffs der Mitteilung.<\/p>\n\n\n\n<p>Jeder Anspruch oder Klagegrund, den Sie m\u00f6glicherweise in Bezug auf Ihre Nutzung dieser Website, ihrer Seiten, Dienste oder der Seiten des sozialen Netzwerks des Herausgebers haben oder die Gegenstand dieser Allgemeinen Gesch\u00e4ftsbedingungen sind, muss innerhalb eines (1) Jahres geltend gemacht werden nachdem der Anspruch oder der Klagegrund entstanden ist. Ist dies nicht der Fall, wird ein solcher Anspruch oder Klagegrund niemals vor Gericht anwendbar sein.<\/p>\n\n\n\n<p>Es ist m\u00f6glich, dass auf der gesamten Website und den angebotenen Diensten und in begrenztem Umfang Ungenauigkeiten oder Fehler oder Informationen enthalten sind, die im Widerspruch zu den Allgemeinen Gesch\u00e4ftsbedingungen, rechtlichen Hinweisen oder der Datenschutzrichtlinie stehen. Dar\u00fcber hinaus ist es m\u00f6glich, dass Dritte unbefugte \u00c4nderungen an dieser Website oder verwandten Diensten (soziale Netzwerke \u2026) vornehmen.<\/p>\n\n\n\n<p>In einem solchen Fall kann sich der Nutzer unter den im Impressum dieser Website genannten Adressen an den Herausgeber der Website wenden, um m\u00f6glichst eine Beschreibung des Fehlers und des Ortes (URL) sowie ausreichende Informationen f\u00fcr den Herausgeber zu geben um den Benutzer zur\u00fcck kontaktieren zu k\u00f6nnen.<\/p>\n\n\n\n<h2 class=\"wp-block-heading\"><strong>Artikel 11 \u2013 Rahmen<\/strong><\/h2>\n\n\n\n<p>Sollte eine dieser Bedingungen von einem Gericht f\u00fcr nichtig erkl\u00e4rt werden, erstreckt sich diese Nichtigkeit nicht auf andere Klauseln, die weiterhin in Kraft bleiben.<\/p>\n\n\n\n<p>Sie ersetzen alle fr\u00fcheren oder gleichzeitigen schriftlichen oder m\u00fcndlichen Vereinbarungen. Die Nutzungsbedingungen sind vom Nutzer selbst nicht abtretbar, \u00fcbertragbar oder unterlizenzierbar.<\/p>\n\n\n\n<p>Eine gedruckte Version der Bedingungen und alle Mitteilungen in elektronischer Form k\u00f6nnen in Gerichts- oder Verwaltungsverfahren im Zusammenhang mit den Bedingungen angefordert werden. Die Parteien vereinbaren, dass die gesamte Korrespondenz in Bezug auf diese Nutzungsbedingungen in franz\u00f6sischer Sprache gef\u00fchrt wird.<\/p>\n\n\n\n<h2 class=\"wp-block-heading\"><strong>Artikel 12 \u2013 Anwendbares Recht<\/strong><\/h2>\n\n\n\n<p>Diese Allgemeinen Gesch\u00e4ftsbedingungen unterliegen der Anwendung des franz\u00f6sischen Rechts.<\/p>\n\n\n\n<p>Mit Ausnahme der Bestimmungen der \u00f6ffentlichen Ordnung k\u00f6nnen alle Streitigkeiten, die sich bez\u00fcglich der Ausf\u00fchrung dieser Allgemeinen Gesch\u00e4ftsbedingungen ergeben, vor Gerichtsverfahren dem Herausgeber im Hinblick auf eine g\u00fctliche Einigung vorgelegt werden<\/p>\n\n\n\n<p>Es wird ausdr\u00fccklich darauf hingewiesen, dass die Anspr\u00fcche auf g\u00fctliche Einigung die Fristen f\u00fcr die Einleitung gerichtlicher Verfahren weder aussetzen noch au\u00dfer Kraft setzen.<\/p>\n\n\n\n<p>Sofern nicht anders durch die \u00f6ffentlichen Ordnungsvorschriften bestimmt, unterliegen alle Gerichtsverfahren im Zusammenhang mit der Ausf\u00fchrung dieses Vertrages der Zust\u00e4ndigkeit des Berufungsgerichts, auf das verwiesen wurde.<\/p>\n\n\n\n<p>Alle Rechte vorbehalten \u2013 22. Juni 2020<\/p>\n","protected":false},"excerpt":{"rendered":"<p>Nutzungsbedingungen Artikel 1 \u2013 Zust\u00e4ndigkeit und Begriffsbestimmungen Die unten aufgef\u00fchrten W\u00f6rter definieren: \u201eSite\u201c, \u201eWebsite\u201c oder \u201eService\u201c: die Website www.rainjoy.eu und alle ihre Seiten. \u201eHerausgeber\u201c: die juristische oder nat\u00fcrliche Person, die f\u00fcr die Bearbeitung und Ver\u00f6ffentlichung von Inhalten auf der Website verantwortlich ist. \u201eBenutzer\u201c: die Person, die die Website besucht und nutzt. Diese Nutzungsbedingungen unterliegen franz\u00f6sischem [&hellip;]<\/p>\n","protected":false},"author":1,"featured_media":0,"parent":0,"menu_order":0,"comment_status":"closed","ping_status":"closed","template":"","meta":{"_et_pb_use_builder":"off","_et_pb_old_content":"","_et_gb_content_width":"","footnotes":""},"_links":{"self":[{"href":"https:\/\/rainjoy.eu\/de\/wp-json\/wp\/v2\/pages\/36849"}],"collection":[{"href":"https:\/\/rainjoy.eu\/de\/wp-json\/wp\/v2\/pages"}],"about":[{"href":"https:\/\/rainjoy.eu\/de\/wp-json\/wp\/v2\/types\/page"}],"author":[{"embeddable":true,"href":"https:\/\/rainjoy.eu\/de\/wp-json\/wp\/v2\/users\/1"}],"replies":[{"embeddable":true,"href":"https:\/\/rainjoy.eu\/de\/wp-json\/wp\/v2\/comments?post=36849"}],"version-history":[{"count":4,"href":"https:\/\/rainjoy.eu\/de\/wp-json\/wp\/v2\/pages\/36849\/revisions"}],"predecessor-version":[{"id":39116,"href":"https:\/\/rainjoy.eu\/de\/wp-json\/wp\/v2\/pages\/36849\/revisions\/39116"}],"wp:attachment":[{"href":"https:\/\/rainjoy.eu\/de\/wp-json\/wp\/v2\/media?parent=36849"}],"curies":[{"name":"wp","href":"https:\/\/api.w.org\/{rel}","templated":true}]}}