{"id":36670,"date":"2021-09-13T09:48:30","date_gmt":"2022-04-19T20:46:48","guid":{"rendered":"https:\/\/rainjoy.eu\/produit\/bub-up-plus-by-rainjoy\/"},"modified":"2026-02-23T16:11:18","modified_gmt":"2026-02-23T15:11:18","slug":"bub-up-plus-by-rainjoy","status":"publish","type":"product","link":"https:\/\/rainjoy.eu\/de\/produit\/bub-up-plus-by-rainjoy\/","title":{"rendered":"Bub-Up\u00ae Plus Fahrrad Regenschutz \u2013 fahrrad regenverdeck"},"content":{"rendered":"<h4>Produktinformationen<\/h4>\n<p>Material an der Oberfl\u00e4che: 50 % Polyester 50 % PVC.<br \/>\nGewicht: 1.1 kg \u2013 Durchmesser Transporttasche: 40 cm<\/p>\n","protected":false},"excerpt":{"rendered":"<h4 class=\"p1\" style=\"margin-top: 15px; margin-bottom: 20px;\"><b>Die fahrrad regendach der den Fahrradschirm ersetzt<\/b><\/h4>\n<p>Was ist das Bub-up\u00ae Plus? Es ist ein Bub-up\u00ae mit zus\u00e4tzlichen Optionen f\u00fcr noch mehr Leistung und Sicherheit. Au\u00dferdem besteht der Stoff aus recyceltem Plastik und entspricht so allen Prinzipien eines nachhaltigen \u00d6kodesigns. Mit dem Bub-up\u00ae Plus bieten wir Ihnen alle Optionen, von denen Sie schon immer getr\u00e4umt haben: integrierte Spiegel, Handsch\u00fctzer, Reflektoren. Wir bitten Sie um Verst\u00e4ndnis, das wir das Handschuhfach und den Zigarettenanz\u00fcnder weggelassen haben. Jedoch haben wir hier darauf geachtet, Plastikflaschen ein zweites Leben zu geben. F\u00fcr den Stoff jedes Bub-up\u00ae Plus wurde das \u00c4quivalent von etwa 20 Plastikflaschen recycelt.<\/p>\n<p><img loading=\"lazy\" decoding=\"async\" class=\"alignnone wp-image-34599\" src=\"https:\/\/rainjoy.eu\/wp-content\/uploads\/2021\/09\/bubup-plus-2-300x258.jpg\" alt=\"\" width=\"121\" height=\"104\" srcset=\"https:\/\/rainjoy.eu\/wp-content\/uploads\/2021\/09\/bubup-plus-2-300x258.jpg 300w, https:\/\/rainjoy.eu\/wp-content\/uploads\/2021\/09\/bubup-plus-2.jpg 400w\" sizes=\"(max-width: 121px) 100vw, 121px\" \/><\/p>\n","protected":false},"featured_media":41512,"comment_status":"open","ping_status":"closed","template":"","meta":{"_et_pb_use_builder":"","_et_pb_old_content":"","_et_gb_content_width":""},"product_cat":[58],"product_tag":[],"_links":{"self":[{"href":"https:\/\/rainjoy.eu\/de\/wp-json\/wp\/v2\/product\/36670"}],"collection":[{"href":"https:\/\/rainjoy.eu\/de\/wp-json\/wp\/v2\/product"}],"about":[{"href":"https:\/\/rainjoy.eu\/de\/wp-json\/wp\/v2\/types\/product"}],"replies":[{"embeddable":true,"href":"https:\/\/rainjoy.eu\/de\/wp-json\/wp\/v2\/comments?post=36670"}],"wp:featuredmedia":[{"embeddable":true,"href":"https:\/\/rainjoy.eu\/de\/wp-json\/wp\/v2\/media\/41512"}],"wp:attachment":[{"href":"https:\/\/rainjoy.eu\/de\/wp-json\/wp\/v2\/media?parent=36670"}],"wp:term":[{"taxonomy":"product_cat","embeddable":true,"href":"https:\/\/rainjoy.eu\/de\/wp-json\/wp\/v2\/product_cat?post=36670"},{"taxonomy":"product_tag","embeddable":true,"href":"https:\/\/rainjoy.eu\/de\/wp-json\/wp\/v2\/product_tag?post=36670"}],"curies":[{"name":"wp","href":"https:\/\/api.w.org\/{rel}","templated":true}]}}