{"id":38351,"date":"2021-01-29T10:00:12","date_gmt":"2022-08-22T08:00:12","guid":{"rendered":"https:\/\/rainjoy.eu\/?post_type=product&#038;p=38351"},"modified":"2024-07-18T16:56:22","modified_gmt":"2024-07-18T14:56:22","slug":"superbikero-single-by-rainjoy","status":"publish","type":"product","link":"https:\/\/rainjoy.eu\/de\/produit\/superbikero-single-by-rainjoy\/","title":{"rendered":"Superbikero Single R\u00fcckspiegel- und Blinkerarmb\u00e4nder"},"content":{"rendered":"<h4>Produktinformationen<\/h4>\n<p>R\u00fcckspiegel \u2013 beleuchtet (permanenter oder blinkender LED-Streifen)<br \/>\nDer EU-Norm entsprechend<br \/>\nBatterie mit 100h Autonomie inklusive<br \/>\nInklusive 1 x 0,08 \u20ac \u00d6kobeitrag pro Produkt<\/p>\n<p><iframe loading=\"lazy\" title=\"YouTube-Videoplayer\" src=\"https:\/\/www.youtube.com\/embed\/sqlwpfT5bwc\" width=\"560\" height=\"315\" frameborder=\"0\" allowfullscreen=\"allowfullscreen\"><\/iframe><\/p>\n<h4>Wechseln Sie die Batterie<\/h4>\n<p><img loading=\"lazy\" decoding=\"async\" class=\"alignnone size-medium wp-image-36960\" src=\"https:\/\/rainjoy.eu\/wp-content\/uploads\/2021\/01\/Pour-changer-la-pile-1-1-300x225.jpg\" alt=\"\" width=\"300\" height=\"225\"><\/p>\n","protected":false},"excerpt":{"rendered":"<h4 class=\"p1\" style=\"margin-top: 15px; margin-bottom: 20px;\"><b>Sehen und gesehen werden!<\/b><\/h4>\n<p class=\"p1\">Das Superbikero ist das Armband f\u00fcr alle Superhelden auf dem Fahrrad. Dank seiner doppelten Superkraft vereint es sowohl ein Lichtsignal als auch einen integrierten Spiegel. Auf diese Weise k\u00f6nnen Sie sich besser bemerkbar machen, wenn Sie beim Abbiegen die Hand ausstrecken. Und der Spiegel erlaubt es Ihnen nach hinten zu sehen, ohne sich umzudrehen. Einmal am Handgelenk befestigt kann er gedreht und an den Sichtwinkel angepasst werden. Damit bietet der Superbikero ein gutes Sichtfeld trotz seiner kompakten Gr\u00f6\u00dfe (Durchmesser 5 cm). Au\u00dferdem wickelt sich dieses Zwei-in-Eins-Armband sofort um Ihr Handgelenk. Es ist ein innovatives Zubeh\u00f6r, das Praktikabilit\u00e4t und Sicherheit vereint und mit jedem Fahrrad oder Roller, einschlie\u00dflich Selbstbedienungsmodellen, verwendet werden kann.<\/p>\n<p>Dieses Produkt wird als einzelnes Armband mit einem einzelnen Spiegel verkauft.<\/p>\n","protected":false},"featured_media":38358,"comment_status":"open","ping_status":"closed","template":"","meta":{"_et_pb_use_builder":"off","_et_pb_old_content":"<h4>Produktinformationen<\/h4>\nR\u00fcckspiegel \u2013 beleuchtet (permanenter oder blinkender LED-Streifen)\nDer EU-Norm entsprechend\nBatterien mit 100h Leuchtdauer mitgeliefert\nInklusive 2 x 0,08 \u20ac \u00d6ko-Umlage pro Produkt\n\n \n\n<img class=\"alignnone wp-image-34429 \" src=\"https:\/\/rainjoy.eu\/wp-content\/uploads\/2021\/09\/Notice-superbikero.jpg\" alt=\"\" width=\"731\" height=\"624\">\n\n \n\n","_et_gb_content_width":""},"product_cat":[59],"product_tag":[],"_links":{"self":[{"href":"https:\/\/rainjoy.eu\/de\/wp-json\/wp\/v2\/product\/38351"}],"collection":[{"href":"https:\/\/rainjoy.eu\/de\/wp-json\/wp\/v2\/product"}],"about":[{"href":"https:\/\/rainjoy.eu\/de\/wp-json\/wp\/v2\/types\/product"}],"replies":[{"embeddable":true,"href":"https:\/\/rainjoy.eu\/de\/wp-json\/wp\/v2\/comments?post=38351"}],"wp:featuredmedia":[{"embeddable":true,"href":"https:\/\/rainjoy.eu\/de\/wp-json\/wp\/v2\/media\/38358"}],"wp:attachment":[{"href":"https:\/\/rainjoy.eu\/de\/wp-json\/wp\/v2\/media?parent=38351"}],"wp:term":[{"taxonomy":"product_cat","embeddable":true,"href":"https:\/\/rainjoy.eu\/de\/wp-json\/wp\/v2\/product_cat?post=38351"},{"taxonomy":"product_tag","embeddable":true,"href":"https:\/\/rainjoy.eu\/de\/wp-json\/wp\/v2\/product_tag?post=38351"}],"curies":[{"name":"wp","href":"https:\/\/api.w.org\/{rel}","templated":true}]}}