{"id":39973,"date":"2021-01-15T15:20:19","date_gmt":"2023-01-24T14:45:25","guid":{"rendered":"https:\/\/rainjoy.eu\/produit\/fahrradgamaschen-overknee\/"},"modified":"2026-03-02T19:42:59","modified_gmt":"2026-03-02T18:42:59","slug":"guetres-longues-overknee","status":"publish","type":"product","link":"https:\/\/rainjoy.eu\/de\/produit\/guetres-longues-overknee\/","title":{"rendered":"Fahrradgamaschen Overknee"},"content":{"rendered":"<p>Die wasserdichten Gamaschen Overknee sind das unentbehrliche Zubeh\u00f6r zur Regenschutzh\u00fclle Bub-up\u00ae f\u00fcr das Fahrrad. Die von der Knien bis \u00fcber den Kopf reichende Fahrrad Regenschutz Bub-up\u00ae sch\u00fctzt \u00fcber 80 % der K\u00f6rperoberfl\u00e4che der Radfahrer vor Regen und K\u00e4lte. Allerdings k\u00f6nnen die Beine durch das beim Radfahren von der Stra\u00dfe hochspritzende Wasser ebenfalls dem Regen ausgesetzt sein. Der zus\u00e4tzliche Regenschutz Overknee sorgt daf\u00fcr, dass Sie beim Radfahren nun fast 100%-ig vor Regen gesch\u00fctzt sind. So k\u00f6nnen Sie dem n\u00e4chsten Platzregen ganz gelassen entgegensehen! Overknee-Radgamaschen sind in zwei Unisex-Erwachsenengr\u00f6\u00dfen erh\u00e4ltlich: \u2022 M: Schuhgr\u00f6\u00dfen von 37 bis 41 \u2022 L: Schuhgr\u00f6\u00dfen von 42 bis 44 <strong>Eigenschaften Farbe<\/strong>: Schwarz Stoff: Polyester<\/p>\n","protected":false},"excerpt":{"rendered":"<p>Mit den langen Gamaschen Overknee bleiben Ihre F\u00fc\u00dfe beim Radfahren im Regen bis zu den Knien trocken.<br \/>\nDiese extralangen, bis \u00fcber die Knie reichenden Fahrradgamaschen bieten besseren Regenschutz als einfache \u00dcberschuhe oder Regenhosen.<br \/>\nMit Hilfe von verstellbaren Klettb\u00e4ndern lassen sich diese leicht anzuziehenden Regengamaschen optimal an Ihre Schuhe und Beine anpassen. Die Gamaschen werden in einer wiederverwendbaren Tasche f\u00fcr den einfachen Transport geliefert. <\/p>\n","protected":false},"featured_media":39993,"comment_status":"open","ping_status":"closed","template":"","meta":{"_et_pb_use_builder":"off","_et_pb_old_content":"Die wasserdichten Gamaschen Overknee sind das unentbehrliche Zubeh\u00f6r zur Regenschutzh\u00fclle Bub-up\u00ae f\u00fcr das Fahrrad. Die von der Knien bis \u00fcber den Kopf reichende Fahrrad Regenschutz Bub-up\u00ae sch\u00fctzt \u00fcber 80 % der K\u00f6rperoberfl\u00e4che der Radfahrer vor Regen und K\u00e4lte. Allerdings k\u00f6nnen die Beine durch das beim Radfahren von der Stra\u00dfe hochspritzende Wasser ebenfalls dem Regen ausgesetzt sein. Der zus\u00e4tzliche Regenschutz Overknee sorgt daf\u00fcr, dass Sie beim Radfahren nun fast 100%-ig vor Regen gesch\u00fctzt sind. So k\u00f6nnen Sie dem n\u00e4chsten Platzregen ganz gelassen entgegensehen! Overknee-Radgamaschen sind in zwei Unisex-Erwachsenengr\u00f6\u00dfen erh\u00e4ltlich: \u2022 M: Schuhgr\u00f6\u00dfen von 37 bis 41 \u2022 L: Schuhgr\u00f6\u00dfen von 42 bis 44\n\n<strong>Eigenschaften Farbe<\/strong>: Schwarz Stoff: Polyester","_et_gb_content_width":""},"product_cat":[59],"product_tag":[],"_links":{"self":[{"href":"https:\/\/rainjoy.eu\/de\/wp-json\/wp\/v2\/product\/39973"}],"collection":[{"href":"https:\/\/rainjoy.eu\/de\/wp-json\/wp\/v2\/product"}],"about":[{"href":"https:\/\/rainjoy.eu\/de\/wp-json\/wp\/v2\/types\/product"}],"replies":[{"embeddable":true,"href":"https:\/\/rainjoy.eu\/de\/wp-json\/wp\/v2\/comments?post=39973"}],"wp:featuredmedia":[{"embeddable":true,"href":"https:\/\/rainjoy.eu\/de\/wp-json\/wp\/v2\/media\/39993"}],"wp:attachment":[{"href":"https:\/\/rainjoy.eu\/de\/wp-json\/wp\/v2\/media?parent=39973"}],"wp:term":[{"taxonomy":"product_cat","embeddable":true,"href":"https:\/\/rainjoy.eu\/de\/wp-json\/wp\/v2\/product_cat?post=39973"},{"taxonomy":"product_tag","embeddable":true,"href":"https:\/\/rainjoy.eu\/de\/wp-json\/wp\/v2\/product_tag?post=39973"}],"curies":[{"name":"wp","href":"https:\/\/api.w.org\/{rel}","templated":true}]}}