{"id":40285,"date":"2021-09-12T08:52:37","date_gmt":"2023-06-20T06:52:37","guid":{"rendered":"https:\/\/rainjoy.eu\/?post_type=product&#038;p=40285"},"modified":"2024-04-10T09:18:03","modified_gmt":"2024-04-10T07:18:03","slug":"regenschutz-kinderfahrradsitz","status":"publish","type":"product","link":"https:\/\/rainjoy.eu\/de\/produit\/regenschutz-kinderfahrradsitz\/","title":{"rendered":"Bub-up Kids Regenschutz f\u00fcr Kinderfahrradsitz"},"content":{"rendered":"<p>Produktinformationen<\/p>\n<p>&nbsp;<\/p>\n<p class=\"p1\">Material an der Oberfl\u00e4che: 50 % Polyester 50 % PVC.<\/p>\n<p class=\"p1\">Gewicht: 1.1 kg \u2013 Durchmesser Transporttasche: 40 cm<\/p>\n","protected":false},"excerpt":{"rendered":"<p class=\"p1\">Bub-up Kids ist eine H\u00fclle f\u00fcr Kinderfahrradsitze zum Schutz vor Regen und K\u00e4lte. Sie wird schnell montiert, l\u00e4sst sich an die meisten Kinderfahrradsitze (mit Armst\u00fctzen) anpassen und nach Gebrauch einfach wieder verstauen. Im Gegensatz zu einem Regenmantel, einem Regencape oder einem Poncho (selbst mit Kapuze) ist das Kind von Kopf bis Fu\u00df \u2013 einschlie\u00dflich Gesicht, Helm und Augen \u2013 optimal vor Regen gesch\u00fctzt. Das gro\u00dfe durchsichtige Fenster wiederum sorgt f\u00fcr gute Sicht.<\/p>\n<p class=\"p1\"><strong>Kompatibel nur mit Sitzen mit Armlehnen und f\u00fcr Kinder unter 5 Jahren.<\/strong><\/p>\n","protected":false},"featured_media":40386,"comment_status":"open","ping_status":"closed","template":"","meta":{"_et_pb_use_builder":"","_et_pb_old_content":"","_et_gb_content_width":""},"product_cat":[58],"product_tag":[],"_links":{"self":[{"href":"https:\/\/rainjoy.eu\/de\/wp-json\/wp\/v2\/product\/40285"}],"collection":[{"href":"https:\/\/rainjoy.eu\/de\/wp-json\/wp\/v2\/product"}],"about":[{"href":"https:\/\/rainjoy.eu\/de\/wp-json\/wp\/v2\/types\/product"}],"replies":[{"embeddable":true,"href":"https:\/\/rainjoy.eu\/de\/wp-json\/wp\/v2\/comments?post=40285"}],"wp:featuredmedia":[{"embeddable":true,"href":"https:\/\/rainjoy.eu\/de\/wp-json\/wp\/v2\/media\/40386"}],"wp:attachment":[{"href":"https:\/\/rainjoy.eu\/de\/wp-json\/wp\/v2\/media?parent=40285"}],"wp:term":[{"taxonomy":"product_cat","embeddable":true,"href":"https:\/\/rainjoy.eu\/de\/wp-json\/wp\/v2\/product_cat?post=40285"},{"taxonomy":"product_tag","embeddable":true,"href":"https:\/\/rainjoy.eu\/de\/wp-json\/wp\/v2\/product_tag?post=40285"}],"curies":[{"name":"wp","href":"https:\/\/api.w.org\/{rel}","templated":true}]}}