{"id":41390,"date":"2021-09-11T09:38:44","date_gmt":"2024-05-20T16:41:10","guid":{"rendered":"https:\/\/rainjoy.eu\/produit\/bub-up-kids-sun-rain-schutz-von-kindern-vor-regen-und-sonne-fuer-kinderfahrradsitze\/"},"modified":"2024-05-31T15:32:01","modified_gmt":"2024-05-31T13:32:01","slug":"sonnenschutz-regenschutz-fahrrad-kind","status":"publish","type":"product","link":"https:\/\/rainjoy.eu\/de\/produit\/sonnenschutz-regenschutz-fahrrad-kind\/","title":{"rendered":"Bub-up Kids Sun &amp; Rain &#8211; Schutz von Kindern vor Regen und Sonne f\u00fcr Kinderfahrradsitze"},"content":{"rendered":"<p class=\"p1\">F\u00fcr den Regenschutz des Kleinkind-Fahrradsitzes haben wir uns f\u00fcr eine umweltgerechte Textilfaser im Sinne einer nachhaltigen Kreislaufwirtschaft entschieden. Denn bei der Entwicklung unseres Regenschutzes aus wasserfestem Stoff haben wir Plastikflaschen ein zweites Leben geschenkt. Denn bei der Entwicklung unseres Regenschutzes aus wasserfestem Stoff haben wir Plastikflaschen ein zweites Leben geschenkt.<\/p>\n<p class=\"p1\">Das Fenster des Kleinkind-Fahrradsitzes ist mit einem UV-Schutz behandelt und seine blaue Farbe reduziert die Helligkeit. Der UPF (Ultraviolet Protection Factor oder UV-Schutzfaktor) ist das Sonnenschutzma\u00df und gibt die Menge an UV-Strahlung an, die vom Fenster absorbiert und abgehalten wird. Unsere Anti-UV-Beschichtung entspricht einem UPF-Faktor von 40, d. h. das Fenster \/ der Sonnenschutz des Kleinkind-Fahrradsitzes filtert mehr als 97,5 % der Sonnenstrahlen heraus. Um in den Sonnenmodus zu wechseln, brauchen Sie nur im Handumdrehen den Regenschutz aus Stoff mithilfe des daf\u00fcr vorgesehenen rundum verlaufenden Rei\u00dfverschlusses zu entfernen, sodass nur noch das Sonnenschutzfenster \u00fcbrig bleibt.<\/p>\n<p> Kompatibel nur mit Sitzen mit Armlehnen und f\u00fcr Kinder unter 5 Jahren.<\/p>\n<p class=\"p1\"><strong>Produktinformationen<\/strong><\/p>\n<p class=\"p1\">Material an der Oberfl\u00e4che: 50 % Polyester 50 % PVC.<\/p>\n<p class=\"p1\">Gewicht: 1.1 kg \u2013 Durchmesser Transporttasche: 40 cm<\/p>\n","protected":false},"excerpt":{"rendered":"<p>Der Bub-up Kids Sun &amp; Rain ist eine H\u00fclle f\u00fcr Kinder- oder Kleinkind-Fahrradsitze zum Schutz vor Sonne und Regen. Die H\u00fclle l\u00e4sst sich schnell montieren, an die meisten, hinten montierten Kinderfahrradsitze (aber nur an Fahrradsitze mit Armst\u00fctzen) anpassen und nach Gebrauch einfach wieder verstauen. Im Gegensatz zu einem Regenmantel, einem Regencape oder einem Poncho (selbst mit Kapuze) ist das Kind \/ Kleinkind von Kopf bis Fu\u00df \u2013 einschlie\u00dflich Gesicht, Helm und Augen \u2013 optimal vor Regen gesch\u00fctzt. Das gro\u00dfe, transparente Fenster mit Anti-UV-Beschichtung dient als Sonnenschutz, wenn der wasserdichte Regenschutz abgenommen wird.<\/p>\n","protected":false},"featured_media":41377,"comment_status":"closed","ping_status":"closed","template":"","meta":{"_et_pb_use_builder":"","_et_pb_old_content":"","_et_gb_content_width":""},"product_cat":[58],"product_tag":[],"_links":{"self":[{"href":"https:\/\/rainjoy.eu\/de\/wp-json\/wp\/v2\/product\/41390"}],"collection":[{"href":"https:\/\/rainjoy.eu\/de\/wp-json\/wp\/v2\/product"}],"about":[{"href":"https:\/\/rainjoy.eu\/de\/wp-json\/wp\/v2\/types\/product"}],"replies":[{"embeddable":true,"href":"https:\/\/rainjoy.eu\/de\/wp-json\/wp\/v2\/comments?post=41390"}],"wp:featuredmedia":[{"embeddable":true,"href":"https:\/\/rainjoy.eu\/de\/wp-json\/wp\/v2\/media\/41377"}],"wp:attachment":[{"href":"https:\/\/rainjoy.eu\/de\/wp-json\/wp\/v2\/media?parent=41390"}],"wp:term":[{"taxonomy":"product_cat","embeddable":true,"href":"https:\/\/rainjoy.eu\/de\/wp-json\/wp\/v2\/product_cat?post=41390"},{"taxonomy":"product_tag","embeddable":true,"href":"https:\/\/rainjoy.eu\/de\/wp-json\/wp\/v2\/product_tag?post=41390"}],"curies":[{"name":"wp","href":"https:\/\/api.w.org\/{rel}","templated":true}]}}