{"id":42048,"date":"2021-01-31T08:39:01","date_gmt":"2026-01-26T07:39:02","guid":{"rendered":"https:\/\/rainjoy.eu\/?post_type=product&#038;p=42048"},"modified":"2026-02-25T15:52:50","modified_gmt":"2026-02-25T14:52:50","slug":"3in1-wasserdichter-fahrradrucksack","status":"publish","type":"product","link":"https:\/\/rainjoy.eu\/de\/produit\/3in1-wasserdichter-fahrradrucksack\/","title":{"rendered":"3in1 wasserdichter Fahrradrucksack als Gep\u00e4cktr\u00e4gertasche &amp; Schultertasche"},"content":{"rendered":"<h4>Produktinformationen<\/h4>\n<p>Material: Hauptmaterial PVC<br \/>\nLeergewicht: 1,4 kg<\/p>\n","protected":false},"excerpt":{"rendered":"<h2 class=\"p1\"><b>Der wasserdichte Fahrradrucksack mit drei Tragem\u00f6glichkeiten<\/b><\/h2>\n<p>Der <strong>Rainjoy 3in1 <\/strong>wurde f\u00fcr anspruchsvolle urbane Radfahrer entwickelt und bietet eine durchdachte, vielseitige Transportl\u00f6sung f\u00fcr den Alltag. Dieser geniale Fahrradrucksack l\u00e4sst sich auf drei verschiedene Arten tragen: als komfortabler Rucksack, als Gep\u00e4cktr\u00e4gertasche f\u00fcrs Fahrrad oder als Hand- bzw. Schultertasche abseits des Fahrrads.<\/p>\n<p>Dank seines ergonomischen Designs und seiner hohen Flexibilit\u00e4t ist er der ideale Begleiter f\u00fcr den t\u00e4glichen Arbeitsweg mit dem Fahrrad (<strong>Pendeln \/ Bike Commuting<\/strong>), f\u00fcr urbane Fahrten oder entspannte Radtouren. Morgens am Gep\u00e4cktr\u00e4ger, mittags \u00fcber der Schulter und abends auf dem R\u00fccken \u2013 Ihre Ausr\u00fcstung bleibt den ganzen Tag \u00fcber in nur einer einzigen <strong>Fahrradtasche<\/strong> griffbereit.<br \/>\nDiese <strong>wasserdichte und absolut dichte Fahrradtasche<\/strong> wurde entwickelt, um auch widrigsten Wetterbedingungen standzuhalten. Bei Rainjoy m\u00f6gen wir den Regen \u2013 aber wir wissen, dass Ihre pers\u00f6nlichen Gegenst\u00e4nde lieber trocken bleiben!  <\/p>\n<p>Der <strong>Rainjoy 3in1<\/strong> vereint die Vorteile einer <strong>Gep\u00e4cktr\u00e4gertasche f\u00fcrs Fahrrad<\/strong>, eines Fahrradrucksacks und einer eleganten urbanen Tasche in einem Produkt \u2013 <strong>wasserdicht, robust<\/strong> und perfekt f\u00fcr den t\u00e4glichen Einsatz im Stadtverkehr.<\/p>\n","protected":false},"featured_media":42244,"comment_status":"open","ping_status":"closed","template":"","meta":{"_et_pb_use_builder":"","_et_pb_old_content":"","_et_gb_content_width":""},"product_cat":[59],"product_tag":[],"_links":{"self":[{"href":"https:\/\/rainjoy.eu\/de\/wp-json\/wp\/v2\/product\/42048"}],"collection":[{"href":"https:\/\/rainjoy.eu\/de\/wp-json\/wp\/v2\/product"}],"about":[{"href":"https:\/\/rainjoy.eu\/de\/wp-json\/wp\/v2\/types\/product"}],"replies":[{"embeddable":true,"href":"https:\/\/rainjoy.eu\/de\/wp-json\/wp\/v2\/comments?post=42048"}],"wp:featuredmedia":[{"embeddable":true,"href":"https:\/\/rainjoy.eu\/de\/wp-json\/wp\/v2\/media\/42244"}],"wp:attachment":[{"href":"https:\/\/rainjoy.eu\/de\/wp-json\/wp\/v2\/media?parent=42048"}],"wp:term":[{"taxonomy":"product_cat","embeddable":true,"href":"https:\/\/rainjoy.eu\/de\/wp-json\/wp\/v2\/product_cat?post=42048"},{"taxonomy":"product_tag","embeddable":true,"href":"https:\/\/rainjoy.eu\/de\/wp-json\/wp\/v2\/product_tag?post=42048"}],"curies":[{"name":"wp","href":"https:\/\/api.w.org\/{rel}","templated":true}]}}